{"id":2347,"date":"2023-10-15T08:37:16","date_gmt":"2023-10-15T08:37:16","guid":{"rendered":"https:\/\/sinhviet.vn\/?post_type=product&#038;p=2347"},"modified":"2023-10-15T08:39:06","modified_gmt":"2023-10-15T08:39:06","slug":"logs013","status":"publish","type":"product","link":"https:\/\/sinhviet.vn\/index.php\/product\/logs013\/","title":{"rendered":"LOGS013"},"content":{"rendered":"<p style=\"text-align: center;\">M\u00f4n h\u1ecdc chuy\u00ean s\u00e2u (02) &#8211; Qu\u1ea3n tr\u1ecb chu\u1ed7i cung c\u1ee9ng v\u00e0 logistics<br \/>\n<em>Specialised modules (02) &#8211; Supply Chain Management and Logistics<\/em><\/p>\n","protected":false},"excerpt":{"rendered":"<p><strong>\u0110\u1ecbnh h\u01b0\u1edbng v\u1ec1 S\u1ea3n xu\u1ea5t v\u00e0 Logistics &#8211; <\/strong><strong>Specialisation in Manufacturing and Logistics<\/strong><\/p>\n<p><strong>Qu\u1ea3n tr\u1ecb chu\u1ed7i cung c\u1ee9ng v\u00e0 logistics &#8211; <em>Supply Chain Management and Logistics<\/em><\/strong><\/p>\n<ul>\n<li>C\u00f3 kh\u1ea3 n\u0103ng ph\u00e2n t\u00edch d\u1eef li\u1ec7u v\u00e0 ki\u1ec3m so\u00e1t hi\u1ec7u qu\u1ea3 lu\u1ed3ng th\u00f4ng tin (chi ti\u1ebft, to\u00e0n di\u1ec7n v\u00e0 nhanh ch\u00f3ng);<\/li>\n<li>X\u00e2y d\u1ef1ng k\u1ebf ho\u1ea1ch v\u00e0 ki\u1ec3m so\u00e1t hi\u1ec7u qu\u1ea3 qu\u00e1 tr\u00ecnh v\u1eadn chuy\u1ec3n v\u00e0 l\u01b0u tr\u1eef h\u00e0ng h\u00f3a t\u1eeb \u0111i\u1ec3m xu\u1ea5t x\u1ee9 \u0111\u1ebfn \u0111i\u1ec3m ti\u00eau th\u1ee5;<\/li>\n<li>C\u1ea3i thi\u1ec7n s\u1ef1 h\u1ee3p t\u00e1c v\u1edbi c\u00e1c nh\u00e0 cung c\u1ea5p v\u00e0 g\u1eafn k\u1ebft ch\u1eb7t ch\u1ebd h\u01a1n v\u1edbi c\u00e1c doanh nghi\u1ec7p c\u1ed1t l\u00f5i;<\/li>\n<li>K\u00edch ho\u1ea1t nh\u1eadn th\u1ee9c t\u1ef1 \u0111\u1ed9ng h\u00f3a \u0111\u1ec3 qu\u1ea3n l\u00fd d\u1eef li\u1ec7u (Internet v\u1ea1n v\u1eadt, AI , Blockchain);<\/li>\n<li>X\u00e2y d\u1ef1ng \u0111\u01b0\u1ee3c chi\u1ebfn l\u01b0\u1ee3c c\u00f3 t\u00ednh c\u1ea1nh tranh cao.<\/li>\n<\/ul>\n","protected":false},"featured_media":0,"comment_status":"open","ping_status":"closed","template":"","meta":{"_uag_custom_page_level_css":"","site-sidebar-layout":"default","site-content-layout":"","ast-site-content-layout":"default","site-content-style":"default","site-sidebar-style":"default","ast-global-header-display":"","ast-banner-title-visibility":"","ast-main-header-display":"","ast-hfb-above-header-display":"","ast-hfb-below-header-display":"","ast-hfb-mobile-header-display":"","site-post-title":"","ast-breadcrumbs-content":"","ast-featured-img":"","footer-sml-layout":"","theme-transparent-header-meta":"default","adv-header-id-meta":"","stick-header-meta":"","header-above-stick-meta":"","header-main-stick-meta":"","header-below-stick-meta":"","astra-migrate-meta-layouts":"set"},"product_cat":[57],"product_tag":[],"class_list":["post-2347","product","type-product","status-publish","hentry","product_cat-mini-mba-specialized-02","desktop-align-left","tablet-align-left","mobile-align-left"],"jetpack_sharing_enabled":true,"uagb_featured_image_src":{"full":false,"thumbnail":false,"medium":false,"medium_large":false,"large":false,"1536x1536":false,"2048x2048":false,"mailpoet_newsletter_max":false,"woocommerce_thumbnail":false,"woocommerce_single":false,"woocommerce_gallery_thumbnail":false},"uagb_author_info":{"display_name":"Nghia Le","author_link":"https:\/\/sinhviet.vn\/index.php\/author\/"},"uagb_comment_info":0,"uagb_excerpt":"\u0110\u1ecbnh h\u01b0\u1edbng v\u1ec1 S\u1ea3n xu\u1ea5t v\u00e0 Logistics - Specialisation in Manufacturing and Logistics Qu\u1ea3n tr\u1ecb chu\u1ed7i cung c\u1ee9ng v\u00e0 logistics - Supply Chain Management and Logistics C\u00f3 kh\u1ea3 n\u0103ng ph\u00e2n t\u00edch d\u1eef li\u1ec7u v\u00e0 ki\u1ec3m so\u00e1t hi\u1ec7u qu\u1ea3 lu\u1ed3ng th\u00f4ng tin (chi ti\u1ebft, to\u00e0n di\u1ec7n v\u00e0 nhanh ch\u00f3ng); X\u00e2y d\u1ef1ng k\u1ebf ho\u1ea1ch v\u00e0 ki\u1ec3m so\u00e1t&hellip;","jetpack-related-posts":[],"_links":{"self":[{"href":"https:\/\/sinhviet.vn\/index.php\/wp-json\/wp\/v2\/product\/2347","targetHints":{"allow":["GET"]}}],"collection":[{"href":"https:\/\/sinhviet.vn\/index.php\/wp-json\/wp\/v2\/product"}],"about":[{"href":"https:\/\/sinhviet.vn\/index.php\/wp-json\/wp\/v2\/types\/product"}],"replies":[{"embeddable":true,"href":"https:\/\/sinhviet.vn\/index.php\/wp-json\/wp\/v2\/comments?post=2347"}],"wp:attachment":[{"href":"https:\/\/sinhviet.vn\/index.php\/wp-json\/wp\/v2\/media?parent=2347"}],"wp:term":[{"taxonomy":"product_cat","embeddable":true,"href":"https:\/\/sinhviet.vn\/index.php\/wp-json\/wp\/v2\/product_cat?post=2347"},{"taxonomy":"product_tag","embeddable":true,"href":"https:\/\/sinhviet.vn\/index.php\/wp-json\/wp\/v2\/product_tag?post=2347"}],"curies":[{"name":"wp","href":"https:\/\/api.w.org\/{rel}","templated":true}]}}