{"id":2346,"date":"2023-10-15T08:32:17","date_gmt":"2023-10-15T08:32:17","guid":{"rendered":"https:\/\/sinhviet.vn\/?post_type=product&#038;p=2346"},"modified":"2023-10-15T08:34:59","modified_gmt":"2023-10-15T08:34:59","slug":"oper012","status":"publish","type":"product","link":"https:\/\/sinhviet.vn\/index.php\/product\/oper012\/","title":{"rendered":"OPER012"},"content":{"rendered":"<p style=\"text-align: center;\">M\u00f4n h\u1ecdc chuy\u00ean s\u00e2u (02) &#8211; Qu\u1ea3n tr\u1ecb ho\u1ea1t \u0111\u1ed9ng s\u1ea3n xu\u1ea5t<br \/>\n<em>Specialised modules (02) &#8211; Operations Management<\/em><\/p>\n","protected":false},"excerpt":{"rendered":"<p><strong>\u0110\u1ecbnh h\u01b0\u1edbng v\u1ec1 S\u1ea3n xu\u1ea5t v\u00e0 Logistics &#8211; <\/strong><strong>Specialisation in Manufacturing and Logistics<\/strong><\/p>\n<p><strong>Qu\u1ea3n tr\u1ecb ho\u1ea1t \u0111\u1ed9ng s\u1ea3n xu\u1ea5t &#8211; <\/strong><strong>Brand Management<\/strong><\/p>\n<ul>\n<li>X\u00e2y d\u1ef1ng \u0111\u01b0\u1ee3c quy tr\u00ecnh qu\u1ea3n l\u00fd v\u00e0 \u0111i\u1ec1u h\u00e0nh c\u00e1c ho\u1ea1t \u0111\u1ed9ng s\u1ea3n xu\u1ea5t c\u1ee7a doanh nghi\u1ec7p;<\/li>\n<li>Ho\u1ea1ch \u0111\u1ecbnh \u0111\u01b0\u1ee3c n\u0103ng l\u1ef1c s\u1ea3n su\u1ea5t m\u1ed9t c\u00e1ch khoa h\u1ecdc;<\/li>\n<li>V\u1eadn d\u1ee5ng t\u1ed1t c\u00e1c c\u00f4ng c\u1ee5 ph\u00e2n t\u00edch, d\u1ef1 b\u00e1o c\u00e1c v\u1ea5n \u0111\u1ec1\/m\u1ed1i nguy ti\u1ec1m \u1ea9n;<\/li>\n<li>Ph\u00e1t tri\u1ec3n h\u1ec7 th\u1ed1ng qu\u1ea3n l\u00fd ch\u1ea5t l\u01b0\u1ee3ng t\u1ed5ng th\u1ec3 d\u1ef1a tr\u00ean c\u00e1c \u1ee9ng d\u1ee5ng c\u00f4ng ngh\u1ec7.<\/li>\n<\/ul>\n","protected":false},"featured_media":0,"comment_status":"open","ping_status":"closed","template":"","meta":{"_uag_custom_page_level_css":"","site-sidebar-layout":"default","site-content-layout":"","ast-site-content-layout":"default","site-content-style":"default","site-sidebar-style":"default","ast-global-header-display":"","ast-banner-title-visibility":"","ast-main-header-display":"","ast-hfb-above-header-display":"","ast-hfb-below-header-display":"","ast-hfb-mobile-header-display":"","site-post-title":"","ast-breadcrumbs-content":"","ast-featured-img":"","footer-sml-layout":"","theme-transparent-header-meta":"default","adv-header-id-meta":"","stick-header-meta":"","header-above-stick-meta":"","header-main-stick-meta":"","header-below-stick-meta":"","astra-migrate-meta-layouts":"set"},"product_cat":[57],"product_tag":[],"class_list":["post-2346","product","type-product","status-publish","hentry","product_cat-mini-mba-specialized-02","desktop-align-left","tablet-align-left","mobile-align-left"],"jetpack_sharing_enabled":true,"uagb_featured_image_src":{"full":false,"thumbnail":false,"medium":false,"medium_large":false,"large":false,"1536x1536":false,"2048x2048":false,"mailpoet_newsletter_max":false,"woocommerce_thumbnail":false,"woocommerce_single":false,"woocommerce_gallery_thumbnail":false},"uagb_author_info":{"display_name":"Nghia Le","author_link":"https:\/\/sinhviet.vn\/index.php\/author\/"},"uagb_comment_info":0,"uagb_excerpt":"\u0110\u1ecbnh h\u01b0\u1edbng v\u1ec1 S\u1ea3n xu\u1ea5t v\u00e0 Logistics - Specialisation in Manufacturing and Logistics Qu\u1ea3n tr\u1ecb ho\u1ea1t \u0111\u1ed9ng s\u1ea3n xu\u1ea5t - Brand Management X\u00e2y d\u1ef1ng \u0111\u01b0\u1ee3c quy tr\u00ecnh qu\u1ea3n l\u00fd v\u00e0 \u0111i\u1ec1u h\u00e0nh c\u00e1c ho\u1ea1t \u0111\u1ed9ng s\u1ea3n xu\u1ea5t c\u1ee7a doanh nghi\u1ec7p; Ho\u1ea1ch \u0111\u1ecbnh \u0111\u01b0\u1ee3c n\u0103ng l\u1ef1c s\u1ea3n su\u1ea5t m\u1ed9t c\u00e1ch khoa h\u1ecdc; V\u1eadn d\u1ee5ng t\u1ed1t c\u00e1c&hellip;","jetpack-related-posts":[],"_links":{"self":[{"href":"https:\/\/sinhviet.vn\/index.php\/wp-json\/wp\/v2\/product\/2346","targetHints":{"allow":["GET"]}}],"collection":[{"href":"https:\/\/sinhviet.vn\/index.php\/wp-json\/wp\/v2\/product"}],"about":[{"href":"https:\/\/sinhviet.vn\/index.php\/wp-json\/wp\/v2\/types\/product"}],"replies":[{"embeddable":true,"href":"https:\/\/sinhviet.vn\/index.php\/wp-json\/wp\/v2\/comments?post=2346"}],"wp:attachment":[{"href":"https:\/\/sinhviet.vn\/index.php\/wp-json\/wp\/v2\/media?parent=2346"}],"wp:term":[{"taxonomy":"product_cat","embeddable":true,"href":"https:\/\/sinhviet.vn\/index.php\/wp-json\/wp\/v2\/product_cat?post=2346"},{"taxonomy":"product_tag","embeddable":true,"href":"https:\/\/sinhviet.vn\/index.php\/wp-json\/wp\/v2\/product_tag?post=2346"}],"curies":[{"name":"wp","href":"https:\/\/api.w.org\/{rel}","templated":true}]}}