{"id":2340,"date":"2023-10-15T08:16:06","date_gmt":"2023-10-15T08:16:06","guid":{"rendered":"https:\/\/sinhviet.vn\/?post_type=product&#038;p=2340"},"modified":"2023-10-15T08:36:46","modified_gmt":"2023-10-15T08:36:46","slug":"bran011","status":"publish","type":"product","link":"https:\/\/sinhviet.vn\/index.php\/product\/bran011\/","title":{"rendered":"BRAN011"},"content":{"rendered":"<p style=\"text-align: center;\">M\u00f4n h\u1ecdc chuy\u00ean s\u00e2u (01) &#8211; Qu\u1ea3n tr\u1ecb th\u01b0\u01a1ng hi\u1ec7u<br \/>\n<em>Specialised modules (01)- Brand Management<\/em><\/p>\n","protected":false},"excerpt":{"rendered":"<p><em><strong>\u0110\u1ecbnh h\u01b0\u1edbng v\u1ec1 Kinh doanh v\u00e0 Th\u01b0\u01a1ng m\u1ea1i &#8211; Specialisation in Business and Commerce<\/strong><\/em><\/p>\n<p><strong>Qu\u1ea3n tr\u1ecb th\u01b0\u01a1ng hi\u1ec7u &#8211; <\/strong><strong><em>Brand Management<\/em><\/strong><\/p>\n<ul>\n<li>Hi\u1ec3u bi\u1ebft s\u00e2u s\u1eafc v\u1ec1 c\u00e1c nguy\u00ean t\u1eafc x\u00e2y d\u1ef1ng th\u01b0\u01a1ng hi\u1ec7u;<\/li>\n<li>X\u00e1c \u0111\u1ecbnh \u0111\u01b0\u1ee3c c\u00e1c v\u1ea5n \u0111\u1ec1 quan tr\u1ecdng trong vi\u1ec7c l\u1eadp k\u1ebf ho\u1ea1ch v\u00e0 th\u1ef1c hi\u1ec7n chi\u1ebfn l\u01b0\u1ee3c qu\u1ea3n tr\u1ecb th\u01b0\u01a1ng hi\u1ec7u;<\/li>\n<li>\u0110o l\u01b0\u1eddng \u0111\u01b0\u1ee3c s\u1ee9c m\u1ea1nh th\u01b0\u01a1ng hi\u1ec7u cho b\u1ea5t k\u1ef3 s\u1ea3n ph\u1ea9m, th\u1ecb tr\u01b0\u1eddng c\u1ee5 th\u1ec3 n\u00e0o;<\/li>\n<li>C\u00f3 kh\u1ea3 n\u0103ng \u0111\u00e1nh gi\u00e1 gi\u00e1 tr\u1ecb th\u01b0\u01a1ng hi\u1ec7u cho c\u00e1c th\u01b0\u01a1ng hi\u1ec7u m\u1edbi v\u00e0 hi\u1ec7n c\u00f3;<\/li>\n<li>Qu\u1ea3n l\u00fd v\u00e0 \u0111i\u1ec1u ch\u1ec9nh th\u01b0\u01a1ng hi\u1ec7u \u0111\u1ec3 mang l\u1ea1i gi\u00e1 tr\u1ecb theo th\u1eddi gian.<\/li>\n<\/ul>\n","protected":false},"featured_media":0,"comment_status":"open","ping_status":"closed","template":"","meta":{"_uag_custom_page_level_css":"","site-sidebar-layout":"default","site-content-layout":"","ast-site-content-layout":"default","site-content-style":"default","site-sidebar-style":"default","ast-global-header-display":"","ast-banner-title-visibility":"","ast-main-header-display":"","ast-hfb-above-header-display":"","ast-hfb-below-header-display":"","ast-hfb-mobile-header-display":"","site-post-title":"","ast-breadcrumbs-content":"","ast-featured-img":"","footer-sml-layout":"","theme-transparent-header-meta":"default","adv-header-id-meta":"","stick-header-meta":"","header-above-stick-meta":"","header-main-stick-meta":"","header-below-stick-meta":"","astra-migrate-meta-layouts":"set"},"product_cat":[56],"product_tag":[],"class_list":["post-2340","product","type-product","status-publish","hentry","product_cat-mini-mba-specialized-01","desktop-align-left","tablet-align-left","mobile-align-left"],"jetpack_sharing_enabled":true,"uagb_featured_image_src":{"full":false,"thumbnail":false,"medium":false,"medium_large":false,"large":false,"1536x1536":false,"2048x2048":false,"mailpoet_newsletter_max":false,"woocommerce_thumbnail":false,"woocommerce_single":false,"woocommerce_gallery_thumbnail":false},"uagb_author_info":{"display_name":"Nghia Le","author_link":"https:\/\/sinhviet.vn\/index.php\/author\/"},"uagb_comment_info":0,"uagb_excerpt":"\u0110\u1ecbnh h\u01b0\u1edbng v\u1ec1 Kinh doanh v\u00e0 Th\u01b0\u01a1ng m\u1ea1i - Specialisation in Business and Commerce Qu\u1ea3n tr\u1ecb th\u01b0\u01a1ng hi\u1ec7u - Brand Management Hi\u1ec3u bi\u1ebft s\u00e2u s\u1eafc v\u1ec1 c\u00e1c nguy\u00ean t\u1eafc x\u00e2y d\u1ef1ng th\u01b0\u01a1ng hi\u1ec7u; X\u00e1c \u0111\u1ecbnh \u0111\u01b0\u1ee3c c\u00e1c v\u1ea5n \u0111\u1ec1 quan tr\u1ecdng trong vi\u1ec7c l\u1eadp k\u1ebf ho\u1ea1ch v\u00e0 th\u1ef1c hi\u1ec7n chi\u1ebfn l\u01b0\u1ee3c qu\u1ea3n tr\u1ecb th\u01b0\u01a1ng hi\u1ec7u;&hellip;","jetpack-related-posts":[],"_links":{"self":[{"href":"https:\/\/sinhviet.vn\/index.php\/wp-json\/wp\/v2\/product\/2340","targetHints":{"allow":["GET"]}}],"collection":[{"href":"https:\/\/sinhviet.vn\/index.php\/wp-json\/wp\/v2\/product"}],"about":[{"href":"https:\/\/sinhviet.vn\/index.php\/wp-json\/wp\/v2\/types\/product"}],"replies":[{"embeddable":true,"href":"https:\/\/sinhviet.vn\/index.php\/wp-json\/wp\/v2\/comments?post=2340"}],"wp:attachment":[{"href":"https:\/\/sinhviet.vn\/index.php\/wp-json\/wp\/v2\/media?parent=2340"}],"wp:term":[{"taxonomy":"product_cat","embeddable":true,"href":"https:\/\/sinhviet.vn\/index.php\/wp-json\/wp\/v2\/product_cat?post=2340"},{"taxonomy":"product_tag","embeddable":true,"href":"https:\/\/sinhviet.vn\/index.php\/wp-json\/wp\/v2\/product_tag?post=2340"}],"curies":[{"name":"wp","href":"https:\/\/api.w.org\/{rel}","templated":true}]}}