{"id":2339,"date":"2023-10-15T08:12:09","date_gmt":"2023-10-15T08:12:09","guid":{"rendered":"https:\/\/sinhviet.vn\/?post_type=product&#038;p=2339"},"modified":"2023-10-15T08:36:35","modified_gmt":"2023-10-15T08:36:35","slug":"ecom010","status":"publish","type":"product","link":"https:\/\/sinhviet.vn\/index.php\/product\/ecom010\/","title":{"rendered":"ECOM010"},"content":{"rendered":"<p style=\"text-align: center;\">M\u00f4n h\u1ecdc chuy\u00ean s\u00e2u (01) &#8211; Th\u01b0\u01a1ng m\u1ea1i \u0111i\u1ec7n t\u1eed<br \/>\n<em>Specialised modules (01) &#8211; E-Commerce<\/em><\/p>\n","protected":false},"excerpt":{"rendered":"<p><em><strong>\u0110\u1ecbnh h\u01b0\u1edbng v\u1ec1 Kinh doanh v\u00e0 Th\u01b0\u01a1ng m\u1ea1i &#8211; Specialisation in Business and Commerce<\/strong><\/em><\/p>\n<p><strong>Th\u01b0\u01a1ng m\u1ea1i \u0111i\u1ec7n t\u1eed &#8211; <\/strong><strong>E-Commerce<\/strong><\/p>\n<ul>\n<li>X\u00e2y d\u1ef1ng \u0111\u01b0\u1ee3c chi\u1ebfn l\u01b0\u1ee3c kinh doanh th\u01b0\u01a1ng m\u1ea1i \u0111i\u1ec7n t\u1eed (TM\u0110T);<\/li>\n<li>Hi\u1ec3u r\u00f5 nh\u1eefng v\u1ea5n \u0111\u1ec1 quan tr\u1ecdng trong \u1ee9ng d\u1ee5ng TM\u0110T (nh\u01b0 b\u1ea3o m\u1eadt tr\u1ef1c tuy\u1ebfn, ph\u00e1p lu\u1eadt v\u00e0 \u0111\u1ea1o \u0111\u1ee9c, \u2026);<\/li>\n<li>V\u1eadn d\u1ee5ng t\u1ed1t c\u00e1c m\u00f4 h\u00ecnh TM\u0110T;<\/li>\n<li>C\u00f3 kh\u1ea3 n\u0103ng ph\u00e2n t\u00edch v\u00e0 nh\u1eadn di\u1ec7n c\u00e1c c\u01a1 h\u1ed9i\/m\u1ed1i nguy khi \u1ee9ng d\u1ee5ng TM\u0110T;<\/li>\n<li>C\u00f3 kh\u1ea3 n\u0103ng ph\u00e2n t\u00edch v\u00e0 l\u1ef1a ch\u1ecdn gi\u1ea3i ph\u00e1p ph\u00f9 h\u1ee3p trong c\u00e1c t\u00ecnh hu\u1ed1ng th\u1ef1c ti\u1ec5n.<\/li>\n<\/ul>\n","protected":false},"featured_media":0,"comment_status":"open","ping_status":"closed","template":"","meta":{"_uag_custom_page_level_css":"","site-sidebar-layout":"default","site-content-layout":"","ast-site-content-layout":"default","site-content-style":"default","site-sidebar-style":"default","ast-global-header-display":"","ast-banner-title-visibility":"","ast-main-header-display":"","ast-hfb-above-header-display":"","ast-hfb-below-header-display":"","ast-hfb-mobile-header-display":"","site-post-title":"","ast-breadcrumbs-content":"","ast-featured-img":"","footer-sml-layout":"","theme-transparent-header-meta":"default","adv-header-id-meta":"","stick-header-meta":"","header-above-stick-meta":"","header-main-stick-meta":"","header-below-stick-meta":"","astra-migrate-meta-layouts":"set"},"product_cat":[56],"product_tag":[],"class_list":["post-2339","product","type-product","status-publish","hentry","product_cat-mini-mba-specialized-01","desktop-align-left","tablet-align-left","mobile-align-left"],"jetpack_sharing_enabled":true,"uagb_featured_image_src":{"full":false,"thumbnail":false,"medium":false,"medium_large":false,"large":false,"1536x1536":false,"2048x2048":false,"mailpoet_newsletter_max":false,"woocommerce_thumbnail":false,"woocommerce_single":false,"woocommerce_gallery_thumbnail":false},"uagb_author_info":{"display_name":"Nghia Le","author_link":"https:\/\/sinhviet.vn\/index.php\/author\/"},"uagb_comment_info":0,"uagb_excerpt":"\u0110\u1ecbnh h\u01b0\u1edbng v\u1ec1 Kinh doanh v\u00e0 Th\u01b0\u01a1ng m\u1ea1i - Specialisation in Business and Commerce Th\u01b0\u01a1ng m\u1ea1i \u0111i\u1ec7n t\u1eed - E-Commerce X\u00e2y d\u1ef1ng \u0111\u01b0\u1ee3c chi\u1ebfn l\u01b0\u1ee3c kinh doanh th\u01b0\u01a1ng m\u1ea1i \u0111i\u1ec7n t\u1eed (TM\u0110T); Hi\u1ec3u r\u00f5 nh\u1eefng v\u1ea5n \u0111\u1ec1 quan tr\u1ecdng trong \u1ee9ng d\u1ee5ng TM\u0110T (nh\u01b0 b\u1ea3o m\u1eadt tr\u1ef1c tuy\u1ebfn, ph\u00e1p lu\u1eadt v\u00e0 \u0111\u1ea1o \u0111\u1ee9c, \u2026); V\u1eadn&hellip;","jetpack-related-posts":[],"_links":{"self":[{"href":"https:\/\/sinhviet.vn\/index.php\/wp-json\/wp\/v2\/product\/2339","targetHints":{"allow":["GET"]}}],"collection":[{"href":"https:\/\/sinhviet.vn\/index.php\/wp-json\/wp\/v2\/product"}],"about":[{"href":"https:\/\/sinhviet.vn\/index.php\/wp-json\/wp\/v2\/types\/product"}],"replies":[{"embeddable":true,"href":"https:\/\/sinhviet.vn\/index.php\/wp-json\/wp\/v2\/comments?post=2339"}],"wp:attachment":[{"href":"https:\/\/sinhviet.vn\/index.php\/wp-json\/wp\/v2\/media?parent=2339"}],"wp:term":[{"taxonomy":"product_cat","embeddable":true,"href":"https:\/\/sinhviet.vn\/index.php\/wp-json\/wp\/v2\/product_cat?post=2339"},{"taxonomy":"product_tag","embeddable":true,"href":"https:\/\/sinhviet.vn\/index.php\/wp-json\/wp\/v2\/product_tag?post=2339"}],"curies":[{"name":"wp","href":"https:\/\/api.w.org\/{rel}","templated":true}]}}