{"id":2334,"date":"2023-10-15T06:53:48","date_gmt":"2023-10-15T06:53:48","guid":{"rendered":"https:\/\/sinhviet.vn\/?post_type=product&#038;p=2334"},"modified":"2023-10-15T07:28:29","modified_gmt":"2023-10-15T07:28:29","slug":"tech009-cong-nghe-so-ung-dung-trong-quan-ly-va-kinh-doanh","status":"publish","type":"product","link":"https:\/\/sinhviet.vn\/index.php\/product\/tech009-cong-nghe-so-ung-dung-trong-quan-ly-va-kinh-doanh\/","title":{"rendered":"TECH009"},"content":{"rendered":"<p style=\"text-align: center;\">C\u00f4ng ngh\u1ec7 s\u1ed1 \u1ee9ng d\u1ee5ng trong qu\u1ea3n l\u00fd v\u00e0 kinh doanh<br \/>\n<em>Technological Applications in Business and Management<\/em><\/p>\n<p>&nbsp;<\/p>\n","protected":false},"excerpt":{"rendered":"<p><em><strong>C\u00f4ng ngh\u1ec7 s\u1ed1 \u1ee9ng d\u1ee5ng trong qu\u1ea3n l\u00fd v\u00e0 kinh doanh<\/strong><\/em><\/p>\n<p><em><strong>(Technological Applications in Business and Management)<\/strong><\/em><\/p>\n<ul>\n<li>Hi\u1ec3u \u0111\u01b0\u1ee3c c\u00e1c xu h\u01b0\u1edbng v\u00e0 \u1ee9ng d\u1ee5ng c\u00f4ng ngh\u1ec7 trong qu\u1ea3n l\u00fd v\u00e0 kinh doanh nh\u01b0: Fintech (C\u00f4ng ngh\u1ec7 t\u00e0i ch\u00ednh), AI (Tr\u00ed tu\u1ec7 nh\u00e2n t\u1ea1o), Blockchain (C\u00f4ng ngh\u1ec7 chu\u1ed7i kh\u1ed1i), Cloud (C\u00f4ng ngh\u1ec7 \u0111\u00e1m m\u00e2y), Big Data v\u00e0 Chuy\u1ec3n \u0111\u1ed5i s\u1ed1, Design Thinking\u2026<\/li>\n<\/ul>\n","protected":false},"featured_media":0,"comment_status":"open","ping_status":"closed","template":"","meta":{"_uag_custom_page_level_css":"","site-sidebar-layout":"default","site-content-layout":"","ast-site-content-layout":"default","site-content-style":"default","site-sidebar-style":"default","ast-global-header-display":"","ast-banner-title-visibility":"","ast-main-header-display":"","ast-hfb-above-header-display":"","ast-hfb-below-header-display":"","ast-hfb-mobile-header-display":"","site-post-title":"","ast-breadcrumbs-content":"","ast-featured-img":"","footer-sml-layout":"","theme-transparent-header-meta":"default","adv-header-id-meta":"","stick-header-meta":"","header-above-stick-meta":"","header-main-stick-meta":"","header-below-stick-meta":"","astra-migrate-meta-layouts":"set"},"product_cat":[54],"product_tag":[],"class_list":["post-2334","product","type-product","status-publish","hentry","product_cat-mini-mba-common-courses","desktop-align-left","tablet-align-left","mobile-align-left"],"jetpack_sharing_enabled":true,"uagb_featured_image_src":{"full":false,"thumbnail":false,"medium":false,"medium_large":false,"large":false,"1536x1536":false,"2048x2048":false,"mailpoet_newsletter_max":false,"woocommerce_thumbnail":false,"woocommerce_single":false,"woocommerce_gallery_thumbnail":false},"uagb_author_info":{"display_name":"Nghia Le","author_link":"https:\/\/sinhviet.vn\/index.php\/author\/"},"uagb_comment_info":0,"uagb_excerpt":"C\u00f4ng ngh\u1ec7 s\u1ed1 \u1ee9ng d\u1ee5ng trong qu\u1ea3n l\u00fd v\u00e0 kinh doanh (Technological Applications in Business and Management) Hi\u1ec3u \u0111\u01b0\u1ee3c c\u00e1c xu h\u01b0\u1edbng v\u00e0 \u1ee9ng d\u1ee5ng c\u00f4ng ngh\u1ec7 trong qu\u1ea3n l\u00fd v\u00e0 kinh doanh nh\u01b0: Fintech (C\u00f4ng ngh\u1ec7 t\u00e0i ch\u00ednh), AI (Tr\u00ed tu\u1ec7 nh\u00e2n t\u1ea1o), Blockchain (C\u00f4ng ngh\u1ec7 chu\u1ed7i kh\u1ed1i), Cloud (C\u00f4ng ngh\u1ec7 \u0111\u00e1m m\u00e2y), Big&hellip;","jetpack-related-posts":[],"_links":{"self":[{"href":"https:\/\/sinhviet.vn\/index.php\/wp-json\/wp\/v2\/product\/2334","targetHints":{"allow":["GET"]}}],"collection":[{"href":"https:\/\/sinhviet.vn\/index.php\/wp-json\/wp\/v2\/product"}],"about":[{"href":"https:\/\/sinhviet.vn\/index.php\/wp-json\/wp\/v2\/types\/product"}],"replies":[{"embeddable":true,"href":"https:\/\/sinhviet.vn\/index.php\/wp-json\/wp\/v2\/comments?post=2334"}],"wp:attachment":[{"href":"https:\/\/sinhviet.vn\/index.php\/wp-json\/wp\/v2\/media?parent=2334"}],"wp:term":[{"taxonomy":"product_cat","embeddable":true,"href":"https:\/\/sinhviet.vn\/index.php\/wp-json\/wp\/v2\/product_cat?post=2334"},{"taxonomy":"product_tag","embeddable":true,"href":"https:\/\/sinhviet.vn\/index.php\/wp-json\/wp\/v2\/product_tag?post=2334"}],"curies":[{"name":"wp","href":"https:\/\/api.w.org\/{rel}","templated":true}]}}