{"id":2333,"date":"2023-10-15T06:52:02","date_gmt":"2023-10-15T06:52:02","guid":{"rendered":"https:\/\/sinhviet.vn\/?post_type=product&#038;p=2333"},"modified":"2023-10-15T07:28:49","modified_gmt":"2023-10-15T07:28:49","slug":"acc008-he-thong-ke-toan-va-quan-tri-chi-phi","status":"publish","type":"product","link":"https:\/\/sinhviet.vn\/index.php\/product\/acc008-he-thong-ke-toan-va-quan-tri-chi-phi\/","title":{"rendered":"ACC008"},"content":{"rendered":"<p style=\"text-align: center;\">X\u00e2y d\u1ef1ng h\u1ec7 th\u1ed1ng k\u1ebf to\u00e1n v\u00e0 qu\u1ea3n tr\u1ecb chi ph\u00ed<br \/>\n<em>Building Accounting System and Cost Management<\/em><\/p>\n","protected":false},"excerpt":{"rendered":"<p><em><strong>X\u00e2y d\u1ef1ng h\u1ec7 th\u1ed1ng k\u1ebf to\u00e1n v\u00e0 qu\u1ea3n tr\u1ecb chi ph\u00ed<\/strong><\/em><br \/>\n<em><strong>(Building Accounting System and Cost Management)<\/strong><\/em><\/p>\n<ul>\n<li>\u0110\u1ecdc hi\u1ec3u b\u00e1o c\u00e1o t\u00e0i ch\u00ednh d\u00e0nh cho nh\u00e0 qu\u1ea3n tr\u1ecb;<\/li>\n<li>Ki\u1ec3m so\u00e1t chi ph\u00ed: nh\u1eadn bi\u1ebft c\u1ea5u tr\u00fac chi ph\u00ed; nh\u1eadn di\u1ec7n m\u1ee9c \u0111\u1ed9 ph\u00f9 h\u1ee3p v\u1edbi chi\u1ebfn l\u01b0\u1ee3c;<\/li>\n<li>N\u1eafm v\u1eefng c\u00e1c chi ph\u00ed l\u00e3ng ph\u00ed c\u1ea7n \u0111\u01b0\u1ee3c tinh g\u1ecdn v\u00e0 t\u1ed1i \u01b0u;<\/li>\n<li>X\u00e2y d\u1ef1ng k\u1ebf ho\u1ea1ch h\u00e0nh \u0111\u1ed9ng \u0111\u1ec3 c\u1ea5u tr\u00fac l\u1ea1i chi ph\u00ed hi\u1ec7u qu\u1ea3 v\u00e0 \u0111\u00e1p \u1ee9ng nhanh m\u1ee5c ti\u00eau kinh doanh;<\/li>\n<li>Ki\u1ec3m so\u00e1t t\u00e0i ch\u00ednh v\u00e0 t\u1ed1i \u01b0u quy tr\u00ecnh qu\u1ea3n l\u00fd;<\/li>\n<li>\u1ee8ng d\u1ee5ng c\u00f4ng ngh\u1ec7 trong chuy\u00ean ng\u00e0nh.<\/li>\n<\/ul>\n","protected":false},"featured_media":0,"comment_status":"open","ping_status":"closed","template":"","meta":{"_uag_custom_page_level_css":"","site-sidebar-layout":"default","site-content-layout":"","ast-site-content-layout":"default","site-content-style":"default","site-sidebar-style":"default","ast-global-header-display":"","ast-banner-title-visibility":"","ast-main-header-display":"","ast-hfb-above-header-display":"","ast-hfb-below-header-display":"","ast-hfb-mobile-header-display":"","site-post-title":"","ast-breadcrumbs-content":"","ast-featured-img":"","footer-sml-layout":"","theme-transparent-header-meta":"default","adv-header-id-meta":"","stick-header-meta":"","header-above-stick-meta":"","header-main-stick-meta":"","header-below-stick-meta":"","astra-migrate-meta-layouts":"set"},"product_cat":[54],"product_tag":[],"class_list":["post-2333","product","type-product","status-publish","hentry","product_cat-mini-mba-common-courses","desktop-align-left","tablet-align-left","mobile-align-left"],"jetpack_sharing_enabled":true,"uagb_featured_image_src":{"full":false,"thumbnail":false,"medium":false,"medium_large":false,"large":false,"1536x1536":false,"2048x2048":false,"mailpoet_newsletter_max":false,"woocommerce_thumbnail":false,"woocommerce_single":false,"woocommerce_gallery_thumbnail":false},"uagb_author_info":{"display_name":"Nghia Le","author_link":"https:\/\/sinhviet.vn\/index.php\/author\/"},"uagb_comment_info":0,"uagb_excerpt":"X\u00e2y d\u1ef1ng h\u1ec7 th\u1ed1ng k\u1ebf to\u00e1n v\u00e0 qu\u1ea3n tr\u1ecb chi ph\u00ed (Building Accounting System and Cost Management) \u0110\u1ecdc hi\u1ec3u b\u00e1o c\u00e1o t\u00e0i ch\u00ednh d\u00e0nh cho nh\u00e0 qu\u1ea3n tr\u1ecb; Ki\u1ec3m so\u00e1t chi ph\u00ed: nh\u1eadn bi\u1ebft c\u1ea5u tr\u00fac chi ph\u00ed; nh\u1eadn di\u1ec7n m\u1ee9c \u0111\u1ed9 ph\u00f9 h\u1ee3p v\u1edbi chi\u1ebfn l\u01b0\u1ee3c; N\u1eafm v\u1eefng c\u00e1c chi ph\u00ed l\u00e3ng ph\u00ed c\u1ea7n&hellip;","jetpack-related-posts":[],"_links":{"self":[{"href":"https:\/\/sinhviet.vn\/index.php\/wp-json\/wp\/v2\/product\/2333","targetHints":{"allow":["GET"]}}],"collection":[{"href":"https:\/\/sinhviet.vn\/index.php\/wp-json\/wp\/v2\/product"}],"about":[{"href":"https:\/\/sinhviet.vn\/index.php\/wp-json\/wp\/v2\/types\/product"}],"replies":[{"embeddable":true,"href":"https:\/\/sinhviet.vn\/index.php\/wp-json\/wp\/v2\/comments?post=2333"}],"wp:attachment":[{"href":"https:\/\/sinhviet.vn\/index.php\/wp-json\/wp\/v2\/media?parent=2333"}],"wp:term":[{"taxonomy":"product_cat","embeddable":true,"href":"https:\/\/sinhviet.vn\/index.php\/wp-json\/wp\/v2\/product_cat?post=2333"},{"taxonomy":"product_tag","embeddable":true,"href":"https:\/\/sinhviet.vn\/index.php\/wp-json\/wp\/v2\/product_tag?post=2333"}],"curies":[{"name":"wp","href":"https:\/\/api.w.org\/{rel}","templated":true}]}}