{"id":2332,"date":"2023-10-15T06:49:36","date_gmt":"2023-10-15T06:49:36","guid":{"rendered":"https:\/\/sinhviet.vn\/?post_type=product&#038;p=2332"},"modified":"2023-10-15T07:39:55","modified_gmt":"2023-10-15T07:39:55","slug":"com007-nang-luc-giao-tiep-va-dam-phan-kinh-doanh-hieu-qua","status":"publish","type":"product","link":"https:\/\/sinhviet.vn\/index.php\/product\/com007-nang-luc-giao-tiep-va-dam-phan-kinh-doanh-hieu-qua\/","title":{"rendered":"COM007"},"content":{"rendered":"<p style=\"text-align: center;\">N\u0103ng l\u1ef1c giao ti\u1ebfp v\u00e0 \u0111\u00e0m ph\u00e1n kinh doanh hi\u1ec7u qu\u1ea3<br \/>\n<em>Effective Communications and Negociations in Business<\/em><\/p>\n","protected":false},"excerpt":{"rendered":"<p><em><strong>N\u0103ng l\u1ef1c giao ti\u1ebfp v\u00e0 \u0111\u00e0m ph\u00e1n kinh doanh hi\u1ec7u qu\u1ea3<\/strong><\/em><br \/>\n<em><strong>(Effective Communications and Negociations in Business)<\/strong><\/em><\/p>\n<ul>\n<li>Hi\u1ec3u \u0111\u01b0\u1ee3c ki\u1ebfn th\u1ee9c c\u01a1 b\u1ea3n v\u1ec1 k\u1ef9 n\u0103ng Giao ti\u1ebfp v\u00e0 \u0110\u00e0m ph\u00e1n, c\u00e1c k\u00eanh giao ti\u1ebfp&#8230;;<\/li>\n<li>Ph\u00e1t tri\u1ec3n n\u0103ng l\u1ef1c giao ti\u1ebfp trong m\u00f4i tr\u01b0\u1eddng \u0111a d\u1ea1ng;<\/li>\n<li>C\u00f3 kh\u1ea3 n\u0103ng t\u1ea1o l\u1eadp nh\u1eefng m\u1ed1i quan h\u1ec7 m\u1edbi, ph\u00e1 b\u0103ng v\u1edbi nh\u1eefng ng\u01b0\u1eddi l\u1ea7n \u0111\u1ea7u g\u1eb7p m\u1eb7t;<\/li>\n<li>T\u1ea1o thi\u1ec7n c\u1ea3m v\u1edbi c\u00e1c k\u1ef9 n\u0103ng: \u0111\u1eb7t c\u00e2u h\u1ecfi, l\u1eafng nghe v\u00e0 n\u1eafm b\u1eaft t\u00e2m l\u00fd ng\u01b0\u1eddi \u0111\u1ed1i di\u1ec7n&#8230;;<\/li>\n<li>Hi\u1ec3u v\u00e0 v\u1eadn d\u1ee5ng c\u00e1c ph\u01b0\u01a1ng ph\u00e1p gi\u1ea3i quy\u1ebft xung \u0111\u1ed9t trong giao ti\u1ebfp v\u00e0 \u0111\u00e0m ph\u00e1n;<\/li>\n<li>\u1ee8ng d\u1ee5ng c\u00f4ng ngh\u1ec7 trong chuy\u00ean ng\u00e0nh<\/li>\n<\/ul>\n<p>&nbsp;<\/p>\n","protected":false},"featured_media":0,"comment_status":"open","ping_status":"closed","template":"","meta":{"_uag_custom_page_level_css":"","site-sidebar-layout":"default","site-content-layout":"","ast-site-content-layout":"default","site-content-style":"default","site-sidebar-style":"default","ast-global-header-display":"","ast-banner-title-visibility":"","ast-main-header-display":"","ast-hfb-above-header-display":"","ast-hfb-below-header-display":"","ast-hfb-mobile-header-display":"","site-post-title":"","ast-breadcrumbs-content":"","ast-featured-img":"","footer-sml-layout":"","theme-transparent-header-meta":"default","adv-header-id-meta":"","stick-header-meta":"","header-above-stick-meta":"","header-main-stick-meta":"","header-below-stick-meta":"","astra-migrate-meta-layouts":"set"},"product_cat":[54],"product_tag":[55],"class_list":["post-2332","product","type-product","status-publish","hentry","product_cat-mini-mba-common-courses","product_tag-mini-mba-2023","desktop-align-left","tablet-align-left","mobile-align-left"],"jetpack_sharing_enabled":true,"uagb_featured_image_src":{"full":false,"thumbnail":false,"medium":false,"medium_large":false,"large":false,"1536x1536":false,"2048x2048":false,"mailpoet_newsletter_max":false,"woocommerce_thumbnail":false,"woocommerce_single":false,"woocommerce_gallery_thumbnail":false},"uagb_author_info":{"display_name":"Nghia Le","author_link":"https:\/\/sinhviet.vn\/index.php\/author\/"},"uagb_comment_info":0,"uagb_excerpt":"N\u0103ng l\u1ef1c giao ti\u1ebfp v\u00e0 \u0111\u00e0m ph\u00e1n kinh doanh hi\u1ec7u qu\u1ea3 (Effective Communications and Negociations in Business) Hi\u1ec3u \u0111\u01b0\u1ee3c ki\u1ebfn th\u1ee9c c\u01a1 b\u1ea3n v\u1ec1 k\u1ef9 n\u0103ng Giao ti\u1ebfp v\u00e0 \u0110\u00e0m ph\u00e1n, c\u00e1c k\u00eanh giao ti\u1ebfp...; Ph\u00e1t tri\u1ec3n n\u0103ng l\u1ef1c giao ti\u1ebfp trong m\u00f4i tr\u01b0\u1eddng \u0111a d\u1ea1ng; C\u00f3 kh\u1ea3 n\u0103ng t\u1ea1o l\u1eadp nh\u1eefng m\u1ed1i quan h\u1ec7&hellip;","jetpack-related-posts":[],"_links":{"self":[{"href":"https:\/\/sinhviet.vn\/index.php\/wp-json\/wp\/v2\/product\/2332","targetHints":{"allow":["GET"]}}],"collection":[{"href":"https:\/\/sinhviet.vn\/index.php\/wp-json\/wp\/v2\/product"}],"about":[{"href":"https:\/\/sinhviet.vn\/index.php\/wp-json\/wp\/v2\/types\/product"}],"replies":[{"embeddable":true,"href":"https:\/\/sinhviet.vn\/index.php\/wp-json\/wp\/v2\/comments?post=2332"}],"wp:attachment":[{"href":"https:\/\/sinhviet.vn\/index.php\/wp-json\/wp\/v2\/media?parent=2332"}],"wp:term":[{"taxonomy":"product_cat","embeddable":true,"href":"https:\/\/sinhviet.vn\/index.php\/wp-json\/wp\/v2\/product_cat?post=2332"},{"taxonomy":"product_tag","embeddable":true,"href":"https:\/\/sinhviet.vn\/index.php\/wp-json\/wp\/v2\/product_tag?post=2332"}],"curies":[{"name":"wp","href":"https:\/\/api.w.org\/{rel}","templated":true}]}}