{"id":2330,"date":"2023-10-15T06:44:05","date_gmt":"2023-10-15T06:44:05","guid":{"rendered":"https:\/\/sinhviet.vn\/?post_type=product&#038;p=2330"},"modified":"2023-10-15T07:29:11","modified_gmt":"2023-10-15T07:29:11","slug":"hrm005-chien-luoc-nhan-su-va-quan-ly-phat-trien-nhan-tai","status":"publish","type":"product","link":"https:\/\/sinhviet.vn\/index.php\/product\/hrm005-chien-luoc-nhan-su-va-quan-ly-phat-trien-nhan-tai\/","title":{"rendered":"HRM005"},"content":{"rendered":"<p style=\"text-align: center;\">Chi\u1ebfn l\u01b0\u1ee3c nh\u00e2n s\u1ef1 v\u00e0 qu\u1ea3n l\u00fd &amp; ph\u00e1t tri\u1ec3n nh\u00e2n t\u00e0i<br \/>\n<em>HRM practices and Talent Management and Development<\/em><\/p>\n","protected":false},"excerpt":{"rendered":"<p><em><strong>Chi\u1ebfn l\u01b0\u1ee3c nh\u00e2n s\u1ef1 v\u00e0 qu\u1ea3n l\u00fd &amp; ph\u00e1t tri\u1ec3n nh\u00e2n t\u00e0i<\/strong><\/em><br \/>\n<em><strong>(HRM practices and Talent Management and Development)<\/strong><\/em><\/p>\n<ul>\n<li>X\u00e2y d\u1ef1ng \u0111\u01b0\u1ee3c chi\u1ebfn l\u01b0\u1ee3c nh\u00e2n s\u1ef1 \u0111\u00e1p \u1ee9ng m\u1ee5c ti\u00eau chi\u1ebfn l\u01b0\u1ee3c chung c\u1ee7a doanh nghi\u1ec7p;<\/li>\n<li>X\u00e2y d\u1ef1ng k\u1ebf ho\u1ea1ch, \u0111\u1ecbnh h\u01b0\u1edbng, ch\u00ednh s\u00e1ch cho c\u00e1c nghi\u1ec7p v\u1ee5 qu\u1ea3n l\u00fd nh\u00e2n s\u1ef1 nh\u01b0 tuy\u1ec3n d\u1ee5ng, \u0111\u00e1nh gi\u00e1, tr\u1ea3 l\u01b0\u01a1ng, \u0111\u00e0o t\u1ea1o&#8230;;<\/li>\n<li>C\u00f3 kh\u1ea3 n\u0103ng tri\u1ec3n khai c\u00e1c ph\u01b0\u01a1ng ph\u00e1p giao vi\u1ec7c v\u00e0 \u1ee7y quy\u1ec1n hi\u1ec7u qu\u1ea3;<\/li>\n<li>X\u00e1c \u0111\u1ecbnh \u0111\u01b0\u1ee3c nh\u00f3m nh\u00e2n t\u00e0i c\u1ee7a doanh nghi\u1ec7p v\u00e0 x\u00e2y d\u1ef1ng \u0111\u01b0\u1ee3c c\u00e1c ch\u00ednh s\u00e1ch gi\u1eef ch\u00e2n v\u00e0 ph\u00e1t tri\u1ec3n nh\u00e2n t\u00e0i;<\/li>\n<li>Th\u1ef1c hi\u1ec7n \u0111\u01b0\u1ee3c c\u00e1c ph\u01b0\u01a1ng ph\u00e1p duy tr\u00ec \u0111\u1ed9ng l\u1ef1c v\u00e0 n\u0103ng l\u1ef1c cho \u0111\u1ed9i ng\u0169;<\/li>\n<li>Qu\u1ea3n tr\u1ecb s\u1ef1 \u0111a d\u1ea1ng;<\/li>\n<li>\u1ee8ng d\u1ee5ng c\u00f4ng ngh\u1ec7 trong chuy\u00ean ng\u00e0nh.<\/li>\n<\/ul>\n","protected":false},"featured_media":0,"comment_status":"open","ping_status":"closed","template":"","meta":{"_uag_custom_page_level_css":"","site-sidebar-layout":"default","site-content-layout":"","ast-site-content-layout":"default","site-content-style":"default","site-sidebar-style":"default","ast-global-header-display":"","ast-banner-title-visibility":"","ast-main-header-display":"","ast-hfb-above-header-display":"","ast-hfb-below-header-display":"","ast-hfb-mobile-header-display":"","site-post-title":"","ast-breadcrumbs-content":"","ast-featured-img":"","footer-sml-layout":"","theme-transparent-header-meta":"default","adv-header-id-meta":"","stick-header-meta":"","header-above-stick-meta":"","header-main-stick-meta":"","header-below-stick-meta":"","astra-migrate-meta-layouts":"set"},"product_cat":[54],"product_tag":[],"class_list":["post-2330","product","type-product","status-publish","hentry","product_cat-mini-mba-common-courses","desktop-align-left","tablet-align-left","mobile-align-left"],"jetpack_sharing_enabled":true,"uagb_featured_image_src":{"full":false,"thumbnail":false,"medium":false,"medium_large":false,"large":false,"1536x1536":false,"2048x2048":false,"mailpoet_newsletter_max":false,"woocommerce_thumbnail":false,"woocommerce_single":false,"woocommerce_gallery_thumbnail":false},"uagb_author_info":{"display_name":"Nghia Le","author_link":"https:\/\/sinhviet.vn\/index.php\/author\/"},"uagb_comment_info":0,"uagb_excerpt":"Chi\u1ebfn l\u01b0\u1ee3c nh\u00e2n s\u1ef1 v\u00e0 qu\u1ea3n l\u00fd &amp; ph\u00e1t tri\u1ec3n nh\u00e2n t\u00e0i (HRM practices and Talent Management and Development) X\u00e2y d\u1ef1ng \u0111\u01b0\u1ee3c chi\u1ebfn l\u01b0\u1ee3c nh\u00e2n s\u1ef1 \u0111\u00e1p \u1ee9ng m\u1ee5c ti\u00eau chi\u1ebfn l\u01b0\u1ee3c chung c\u1ee7a doanh nghi\u1ec7p; X\u00e2y d\u1ef1ng k\u1ebf ho\u1ea1ch, \u0111\u1ecbnh h\u01b0\u1edbng, ch\u00ednh s\u00e1ch cho c\u00e1c nghi\u1ec7p v\u1ee5 qu\u1ea3n l\u00fd nh\u00e2n s\u1ef1 nh\u01b0 tuy\u1ec3n d\u1ee5ng,&hellip;","jetpack-related-posts":[],"_links":{"self":[{"href":"https:\/\/sinhviet.vn\/index.php\/wp-json\/wp\/v2\/product\/2330","targetHints":{"allow":["GET"]}}],"collection":[{"href":"https:\/\/sinhviet.vn\/index.php\/wp-json\/wp\/v2\/product"}],"about":[{"href":"https:\/\/sinhviet.vn\/index.php\/wp-json\/wp\/v2\/types\/product"}],"replies":[{"embeddable":true,"href":"https:\/\/sinhviet.vn\/index.php\/wp-json\/wp\/v2\/comments?post=2330"}],"wp:attachment":[{"href":"https:\/\/sinhviet.vn\/index.php\/wp-json\/wp\/v2\/media?parent=2330"}],"wp:term":[{"taxonomy":"product_cat","embeddable":true,"href":"https:\/\/sinhviet.vn\/index.php\/wp-json\/wp\/v2\/product_cat?post=2330"},{"taxonomy":"product_tag","embeddable":true,"href":"https:\/\/sinhviet.vn\/index.php\/wp-json\/wp\/v2\/product_tag?post=2330"}],"curies":[{"name":"wp","href":"https:\/\/api.w.org\/{rel}","templated":true}]}}