{"id":2329,"date":"2023-10-15T06:41:49","date_gmt":"2023-10-15T06:41:49","guid":{"rendered":"https:\/\/sinhviet.vn\/?post_type=product&#038;p=2329"},"modified":"2023-10-15T08:12:06","modified_gmt":"2023-10-15T08:12:06","slug":"org004-lap-ke-hoach-chien-luoc-va-trien-khai-chien-luoc-kinh-doanh-copy","status":"publish","type":"product","link":"https:\/\/sinhviet.vn\/index.php\/product\/org004-lap-ke-hoach-chien-luoc-va-trien-khai-chien-luoc-kinh-doanh-copy\/","title":{"rendered":"ORG004"},"content":{"rendered":"<p style=\"text-align: center;\">X\u00e2y d\u1ef1ng t\u1ed5 ch\u1ee9c v\u00e0 v\u0103n ho\u00e1 doanh nghi\u1ec7p<br \/>\n<em>Designing Organization &amp; Corporate Culture<\/em><\/p>\n","protected":false},"excerpt":{"rendered":"<p><em><strong>X\u00e2y d\u1ef1ng t\u1ed5 ch\u1ee9c v\u00e0 v\u0103n ho\u00e1 doanh nghi\u1ec7p<\/strong><\/em><br \/>\n<em><strong>(Designing Organization &amp; Corporate Culture)<\/strong><\/em><\/p>\n<ul>\n<li>Thi\u1ebft l\u1eadp \u0111\u01b0\u1ee3c m\u00f4 h\u00ecnh t\u1ed5 ch\u1ee9c ho\u1ea1t \u0111\u1ed9ng doanh nghi\u1ec7p ph\u00f9 h\u1ee3p v\u1edbi chi\u1ebfn l\u01b0\u1ee3c kinh doanh;<\/li>\n<li>C\u00f3 kh\u1ea3 n\u0103ng hi\u1ec3u v\u00e0 ph\u00e2n b\u1ed5 ngu\u1ed3n nh\u00e2n l\u1ef1c \u0111\u1ea1t<br \/>\nhi\u1ec7u qu\u1ea3 t\u1ed1i \u01b0u;<\/li>\n<li>Qu\u1ea3n tr\u1ecb s\u1ef1 thay \u0111\u1ed5i v\u00e0 \u0111\u1ed5i m\u1edbi;<\/li>\n<li>X\u00e2y d\u1ef1ng \u0111\u01b0\u1ee3c v\u0103n ho\u00e1 t\u1ed5 ch\u1ee9c doanh nghi\u1ec7p v\u00e0 c\u00e1c gi\u1ea3i ph\u00e1p ph\u00e1t tri\u1ec3n v\u0103n ho\u00e1 t\u1ed5 ch\u1ee9c;<\/li>\n<li>\u1ee8ng d\u1ee5ng c\u00f4ng ngh\u1ec7 trong chuy\u00ean ng\u00e0nh<\/li>\n<\/ul>\n<p>&nbsp;<\/p>\n","protected":false},"featured_media":0,"comment_status":"open","ping_status":"closed","template":"","meta":{"_uag_custom_page_level_css":"","site-sidebar-layout":"default","site-content-layout":"","ast-site-content-layout":"default","site-content-style":"default","site-sidebar-style":"default","ast-global-header-display":"","ast-banner-title-visibility":"","ast-main-header-display":"","ast-hfb-above-header-display":"","ast-hfb-below-header-display":"","ast-hfb-mobile-header-display":"","site-post-title":"","ast-breadcrumbs-content":"","ast-featured-img":"","footer-sml-layout":"","theme-transparent-header-meta":"default","adv-header-id-meta":"","stick-header-meta":"","header-above-stick-meta":"","header-main-stick-meta":"","header-below-stick-meta":"","astra-migrate-meta-layouts":"set"},"product_cat":[54],"product_tag":[55],"class_list":["post-2329","product","type-product","status-publish","hentry","product_cat-mini-mba-common-courses","product_tag-mini-mba-2023","desktop-align-left","tablet-align-left","mobile-align-left"],"jetpack_sharing_enabled":true,"uagb_featured_image_src":{"full":false,"thumbnail":false,"medium":false,"medium_large":false,"large":false,"1536x1536":false,"2048x2048":false,"mailpoet_newsletter_max":false,"woocommerce_thumbnail":false,"woocommerce_single":false,"woocommerce_gallery_thumbnail":false},"uagb_author_info":{"display_name":"Nghia Le","author_link":"https:\/\/sinhviet.vn\/index.php\/author\/"},"uagb_comment_info":0,"uagb_excerpt":"X\u00e2y d\u1ef1ng t\u1ed5 ch\u1ee9c v\u00e0 v\u0103n ho\u00e1 doanh nghi\u1ec7p (Designing Organization &amp; Corporate Culture) Thi\u1ebft l\u1eadp \u0111\u01b0\u1ee3c m\u00f4 h\u00ecnh t\u1ed5 ch\u1ee9c ho\u1ea1t \u0111\u1ed9ng doanh nghi\u1ec7p ph\u00f9 h\u1ee3p v\u1edbi chi\u1ebfn l\u01b0\u1ee3c kinh doanh; C\u00f3 kh\u1ea3 n\u0103ng hi\u1ec3u v\u00e0 ph\u00e2n b\u1ed5 ngu\u1ed3n nh\u00e2n l\u1ef1c \u0111\u1ea1t hi\u1ec7u qu\u1ea3 t\u1ed1i \u01b0u; Qu\u1ea3n tr\u1ecb s\u1ef1 thay \u0111\u1ed5i v\u00e0 \u0111\u1ed5i m\u1edbi;&hellip;","jetpack-related-posts":[],"_links":{"self":[{"href":"https:\/\/sinhviet.vn\/index.php\/wp-json\/wp\/v2\/product\/2329","targetHints":{"allow":["GET"]}}],"collection":[{"href":"https:\/\/sinhviet.vn\/index.php\/wp-json\/wp\/v2\/product"}],"about":[{"href":"https:\/\/sinhviet.vn\/index.php\/wp-json\/wp\/v2\/types\/product"}],"replies":[{"embeddable":true,"href":"https:\/\/sinhviet.vn\/index.php\/wp-json\/wp\/v2\/comments?post=2329"}],"wp:attachment":[{"href":"https:\/\/sinhviet.vn\/index.php\/wp-json\/wp\/v2\/media?parent=2329"}],"wp:term":[{"taxonomy":"product_cat","embeddable":true,"href":"https:\/\/sinhviet.vn\/index.php\/wp-json\/wp\/v2\/product_cat?post=2329"},{"taxonomy":"product_tag","embeddable":true,"href":"https:\/\/sinhviet.vn\/index.php\/wp-json\/wp\/v2\/product_tag?post=2329"}],"curies":[{"name":"wp","href":"https:\/\/api.w.org\/{rel}","templated":true}]}}