{"id":2328,"date":"2023-10-15T06:35:37","date_gmt":"2023-10-15T06:35:37","guid":{"rendered":"https:\/\/sinhviet.vn\/?post_type=product&#038;p=2328"},"modified":"2023-10-15T08:12:00","modified_gmt":"2023-10-15T08:12:00","slug":"pd003-lap-ke-hoach-chien-luoc-va-trien-khai-chien-luoc-kinh-doanh-copy","status":"publish","type":"product","link":"https:\/\/sinhviet.vn\/index.php\/product\/pd003-lap-ke-hoach-chien-luoc-va-trien-khai-chien-luoc-kinh-doanh-copy\/","title":{"rendered":"PD003"},"content":{"rendered":"<p style=\"text-align: center;\">Ph\u00e1t tri\u1ec3n v\u00e0 th\u01b0\u01a1ng m\u1ea1i ho\u00e1 s\u1ea3n ph\u1ea9m\/d\u1ecbch v\u1ee5<em><br \/>\nDeveloping and Commercialising corporate products and services<\/em><\/p>\n<p>&nbsp;<\/p>\n","protected":false},"excerpt":{"rendered":"<p><em><strong>Ph\u00e1t tri\u1ec3n v\u00e0 th\u01b0\u01a1ng m\u1ea1i ho\u00e1 s\u1ea3n ph\u1ea9m\/d\u1ecbch v\u1ee5<br \/>\n(Developing and Commercialising corporate products and services)<\/strong><\/em><\/p>\n<ul>\n<li>N\u1eafm v\u1eefng quy tr\u00ecnh ph\u00e1t tri\u1ec3n s\u1ea3n ph\u1ea9m v\u00e0 ph\u00e1t tri\u1ec3n th\u00e0nh c\u00f4ng s\u1ea3n ph\u1ea9m m\u1edbi;<\/li>\n<li>S\u1eed d\u1ee5ng \u0111\u01b0\u1ee3c c\u00f4ng c\u1ee5 ph\u00e2n t\u00edch th\u1ecb tr\u01b0\u1eddng ti\u00eau th\u1ee5 v\u00e0 th\u1ecb hi\u1ebfu kh\u00e1ch h\u00e0ng;<\/li>\n<li>X\u00e2y d\u1ef1ng chi\u1ebfn l\u01b0\u1ee3c Marketing v\u00e0 tri\u1ec3n khai th\u00e0nh c\u00f4ng chi\u1ebfn l\u01b0\u1ee3c Marketing;<\/li>\n<li>\u0110\u00e1nh gi\u00e1 v\u00e0 qu\u1ea3n l\u00fd \u0111\u01b0\u1ee3c c\u00e1c r\u1ee7i ro th\u1ecb tr\u01b0\u1eddng.<\/li>\n<\/ul>\n","protected":false},"featured_media":0,"comment_status":"open","ping_status":"closed","template":"","meta":{"_uag_custom_page_level_css":"","site-sidebar-layout":"default","site-content-layout":"","ast-site-content-layout":"default","site-content-style":"default","site-sidebar-style":"default","ast-global-header-display":"","ast-banner-title-visibility":"","ast-main-header-display":"","ast-hfb-above-header-display":"","ast-hfb-below-header-display":"","ast-hfb-mobile-header-display":"","site-post-title":"","ast-breadcrumbs-content":"","ast-featured-img":"","footer-sml-layout":"","theme-transparent-header-meta":"default","adv-header-id-meta":"","stick-header-meta":"","header-above-stick-meta":"","header-main-stick-meta":"","header-below-stick-meta":"","astra-migrate-meta-layouts":"set"},"product_cat":[54],"product_tag":[55],"class_list":["post-2328","product","type-product","status-publish","hentry","product_cat-mini-mba-common-courses","product_tag-mini-mba-2023","desktop-align-left","tablet-align-left","mobile-align-left"],"jetpack_sharing_enabled":true,"uagb_featured_image_src":{"full":false,"thumbnail":false,"medium":false,"medium_large":false,"large":false,"1536x1536":false,"2048x2048":false,"mailpoet_newsletter_max":false,"woocommerce_thumbnail":false,"woocommerce_single":false,"woocommerce_gallery_thumbnail":false},"uagb_author_info":{"display_name":"Nghia Le","author_link":"https:\/\/sinhviet.vn\/index.php\/author\/"},"uagb_comment_info":0,"uagb_excerpt":"Ph\u00e1t tri\u1ec3n v\u00e0 th\u01b0\u01a1ng m\u1ea1i ho\u00e1 s\u1ea3n ph\u1ea9m\/d\u1ecbch v\u1ee5 (Developing and Commercialising corporate products and services) N\u1eafm v\u1eefng quy tr\u00ecnh ph\u00e1t tri\u1ec3n s\u1ea3n ph\u1ea9m v\u00e0 ph\u00e1t tri\u1ec3n th\u00e0nh c\u00f4ng s\u1ea3n ph\u1ea9m m\u1edbi; S\u1eed d\u1ee5ng \u0111\u01b0\u1ee3c c\u00f4ng c\u1ee5 ph\u00e2n t\u00edch th\u1ecb tr\u01b0\u1eddng ti\u00eau th\u1ee5 v\u00e0 th\u1ecb hi\u1ebfu kh\u00e1ch h\u00e0ng; X\u00e2y d\u1ef1ng chi\u1ebfn l\u01b0\u1ee3c Marketing v\u00e0 tri\u1ec3n&hellip;","jetpack-related-posts":[],"_links":{"self":[{"href":"https:\/\/sinhviet.vn\/index.php\/wp-json\/wp\/v2\/product\/2328","targetHints":{"allow":["GET"]}}],"collection":[{"href":"https:\/\/sinhviet.vn\/index.php\/wp-json\/wp\/v2\/product"}],"about":[{"href":"https:\/\/sinhviet.vn\/index.php\/wp-json\/wp\/v2\/types\/product"}],"replies":[{"embeddable":true,"href":"https:\/\/sinhviet.vn\/index.php\/wp-json\/wp\/v2\/comments?post=2328"}],"wp:attachment":[{"href":"https:\/\/sinhviet.vn\/index.php\/wp-json\/wp\/v2\/media?parent=2328"}],"wp:term":[{"taxonomy":"product_cat","embeddable":true,"href":"https:\/\/sinhviet.vn\/index.php\/wp-json\/wp\/v2\/product_cat?post=2328"},{"taxonomy":"product_tag","embeddable":true,"href":"https:\/\/sinhviet.vn\/index.php\/wp-json\/wp\/v2\/product_tag?post=2328"}],"curies":[{"name":"wp","href":"https:\/\/api.w.org\/{rel}","templated":true}]}}