{"id":2315,"date":"2023-10-14T10:28:55","date_gmt":"2023-10-14T10:28:55","guid":{"rendered":"https:\/\/sinhviet.vn\/?post_type=product&#038;p=2315"},"modified":"2023-10-15T08:11:56","modified_gmt":"2023-10-15T08:11:56","slug":"fin002-lap-ke-hoach-phan-tich-tai-chinh-va-dau-tu","status":"publish","type":"product","link":"https:\/\/sinhviet.vn\/index.php\/product\/fin002-lap-ke-hoach-phan-tich-tai-chinh-va-dau-tu\/","title":{"rendered":"FIN002"},"content":{"rendered":"<p style=\"text-align: center;\">L\u1eadp k\u1ebf ho\u1ea1ch, ph\u00e2n\u00a0 t\u00edch t\u00e0i ch\u00ednh v\u00e0 \u0111\u1ea7u t\u01b0<em><br \/>\n<\/em><em style=\"font-size: 16px;\">Financial and Investment Planning and Analysis<\/em><\/p>\n","protected":false},"excerpt":{"rendered":"<p><em><strong>L\u1eadp k\u1ebf ho\u1ea1ch, ph\u00e2n\u00a0 t\u00edch t\u00e0i ch\u00ednh v\u00e0 \u0111\u1ea7u t\u01b0<\/strong><\/em><\/p>\n<p>(<em><strong>Financial and Investment Planning and Analysis)<\/strong><\/em><\/p>\n<ul>\n<li>X\u00e2y d\u1ef1ng \u0111\u01b0\u1ee3c k\u1ebf ho\u1ea1ch doanh thu, chi ph\u00ed, l\u1ee3i nhu\u1eadn, \u0111i\u1ec3m ho\u00e0 v\u1ed1n;<\/li>\n<li>X\u00e2y d\u1ef1ng k\u1ebf ho\u1ea1ch \u0111\u1ea7u t\u01b0 v\u00e0 c\u00e1c ph\u01b0\u01a1ng th\u1ee9c huy \u0111\u1ed9ng v\u1ed1n;<\/li>\n<li>Ph\u00e2n t\u00edch \u0111\u01b0\u1ee3c c\u00e1c ch\u1ec9 s\u1ed1 t\u00e0i ch\u00ednh v\u00e0 \u0111\u1ea7u t\u01b0, v\u00e0 c\u00e1c gi\u1ea3i ph\u00e1p;<\/li>\n<li>Hi\u1ec3u v\u00e0 ph\u00e2n t\u00edch \u0111\u01b0\u1ee3c b\u00e1o c\u00e1o t\u00e0i ch\u00ednh doanh nghi\u1ec7p;<\/li>\n<li>Ra quy\u1ebft \u0111\u1ecbnh v\u1ec1 qu\u1ea3n tr\u1ecb t\u00e0i ch\u00ednh trong ng\u1eafn h\u1ea1n; qu\u1ea3n tr\u1ecb d\u00f2ng ti\u1ec1n;<\/li>\n<li>\u0110\u00e1nh gi\u00e1 v\u00e0 qu\u1ea3n tr\u1ecb c\u00e1c r\u1ee7i ro t\u00e0i ch\u00ednh v\u00e0 \u0111\u1ea7u t\u01b0;<\/li>\n<li>\u1ee8ng d\u1ee5ng c\u00f4ng ngh\u1ec7 trong chuy\u00ean ng\u00e0nh.<\/li>\n<\/ul>\n","protected":false},"featured_media":0,"comment_status":"open","ping_status":"closed","template":"","meta":{"_uag_custom_page_level_css":"","site-sidebar-layout":"default","site-content-layout":"","ast-site-content-layout":"default","site-content-style":"default","site-sidebar-style":"default","ast-global-header-display":"","ast-banner-title-visibility":"","ast-main-header-display":"","ast-hfb-above-header-display":"","ast-hfb-below-header-display":"","ast-hfb-mobile-header-display":"","site-post-title":"","ast-breadcrumbs-content":"","ast-featured-img":"","footer-sml-layout":"","theme-transparent-header-meta":"default","adv-header-id-meta":"","stick-header-meta":"","header-above-stick-meta":"","header-main-stick-meta":"","header-below-stick-meta":"","astra-migrate-meta-layouts":"set"},"product_cat":[54],"product_tag":[55],"class_list":["post-2315","product","type-product","status-publish","hentry","product_cat-mini-mba-common-courses","product_tag-mini-mba-2023","desktop-align-left","tablet-align-left","mobile-align-left"],"jetpack_sharing_enabled":true,"uagb_featured_image_src":{"full":false,"thumbnail":false,"medium":false,"medium_large":false,"large":false,"1536x1536":false,"2048x2048":false,"mailpoet_newsletter_max":false,"woocommerce_thumbnail":false,"woocommerce_single":false,"woocommerce_gallery_thumbnail":false},"uagb_author_info":{"display_name":"Nghia Le","author_link":"https:\/\/sinhviet.vn\/index.php\/author\/"},"uagb_comment_info":0,"uagb_excerpt":"L\u1eadp k\u1ebf ho\u1ea1ch, ph\u00e2n\u00a0 t\u00edch t\u00e0i ch\u00ednh v\u00e0 \u0111\u1ea7u t\u01b0 (Financial and Investment Planning and Analysis) X\u00e2y d\u1ef1ng \u0111\u01b0\u1ee3c k\u1ebf ho\u1ea1ch doanh thu, chi ph\u00ed, l\u1ee3i nhu\u1eadn, \u0111i\u1ec3m ho\u00e0 v\u1ed1n; X\u00e2y d\u1ef1ng k\u1ebf ho\u1ea1ch \u0111\u1ea7u t\u01b0 v\u00e0 c\u00e1c ph\u01b0\u01a1ng th\u1ee9c huy \u0111\u1ed9ng v\u1ed1n; Ph\u00e2n t\u00edch \u0111\u01b0\u1ee3c c\u00e1c ch\u1ec9 s\u1ed1 t\u00e0i ch\u00ednh v\u00e0 \u0111\u1ea7u t\u01b0, v\u00e0&hellip;","jetpack-related-posts":[],"_links":{"self":[{"href":"https:\/\/sinhviet.vn\/index.php\/wp-json\/wp\/v2\/product\/2315","targetHints":{"allow":["GET"]}}],"collection":[{"href":"https:\/\/sinhviet.vn\/index.php\/wp-json\/wp\/v2\/product"}],"about":[{"href":"https:\/\/sinhviet.vn\/index.php\/wp-json\/wp\/v2\/types\/product"}],"replies":[{"embeddable":true,"href":"https:\/\/sinhviet.vn\/index.php\/wp-json\/wp\/v2\/comments?post=2315"}],"wp:attachment":[{"href":"https:\/\/sinhviet.vn\/index.php\/wp-json\/wp\/v2\/media?parent=2315"}],"wp:term":[{"taxonomy":"product_cat","embeddable":true,"href":"https:\/\/sinhviet.vn\/index.php\/wp-json\/wp\/v2\/product_cat?post=2315"},{"taxonomy":"product_tag","embeddable":true,"href":"https:\/\/sinhviet.vn\/index.php\/wp-json\/wp\/v2\/product_tag?post=2315"}],"curies":[{"name":"wp","href":"https:\/\/api.w.org\/{rel}","templated":true}]}}