{"id":2281,"date":"2023-10-14T08:45:58","date_gmt":"2023-10-14T08:45:58","guid":{"rendered":"https:\/\/sinhviet.vn\/?post_type=product&#038;p=2281"},"modified":"2023-10-15T08:11:45","modified_gmt":"2023-10-15T08:11:45","slug":"bus001-lap-ke-hoach-chien-luoc-va-trien-khai-chien-luoc-kinh-doanh","status":"publish","type":"product","link":"https:\/\/sinhviet.vn\/index.php\/product\/bus001-lap-ke-hoach-chien-luoc-va-trien-khai-chien-luoc-kinh-doanh\/","title":{"rendered":"BUS001"},"content":{"rendered":"<p style=\"text-align: center;\">L\u1eadp k\u1ebf ho\u1ea1ch chi\u1ebfn l\u01b0\u1ee3c v\u00e0 tri\u1ec3n khai chi\u1ebfn l\u01b0\u1ee3c kinh doanh<br \/>\n<em>Crafting and Implementing Business Strategies<\/em><\/p>\n","protected":false},"excerpt":{"rendered":"<p><em><strong>L\u1eadp k\u1ebf ho\u1ea1ch chi\u1ebfn l\u01b0\u1ee3c v\u00e0 tri\u1ec3n khai chi\u1ebfn l\u01b0\u1ee3c kinh doanh<\/strong><\/em><br \/>\n<em><strong>(Crafting and Implementing Business Strategies)<\/strong><\/em><\/p>\n<ul>\n<li>Vi\u1ebft<span style=\"font-size: 16px;\">\u00a0\u0111\u01b0\u1ee3c t\u1ea7m nh\u00ecn, s\u1ee9 m\u1ec7nh, gi\u00e1 tr\u1ecb c\u1ed1t l\u00f5i;<\/span><\/li>\n<li>X\u00e2y d\u1ef1ng \u0111\u01b0\u1ee3c c\u00e1c k\u1ebf ho\u1ea1ch, m\u1ee5c ti\u00eau doanh nghi\u1ec7p;<\/li>\n<li>N\u0103ng l\u1ef1c ph\u00e2n t\u00edch c\u00e1c m\u00f4i tr\u01b0\u1eddng c\u1ee7a doanh nghi\u1ec7p;<\/li>\n<li>Ph\u00e1t tri\u1ec3n \u0111\u01b0\u1ee3c danh m\u1ee5c s\u1ea3n ph\u1ea9m c\u1ea1nh tranh v\u00e0<br \/>\nkh\u00e1c bi\u1ec7t;<\/li>\n<li>\u0110\u01b0a ra \u0111\u01b0\u1ee3c c\u00e1c quy\u1ebft \u0111\u1ecbnh chi\u1ebfn l\u01b0\u1ee3c kinh doanh;<\/li>\n<li>X\u00e2y d\u1ef1ng \u0111\u01b0\u1ee3c k\u1ebf ho\u1ea1ch h\u00e0nh \u0111\u1ed9ng v\u00e0 c\u00e1c b\u01b0\u1edbc tri\u1ec3n khai;<\/li>\n<li>\u0110\u00e1nh gi\u00e1 v\u00e0 qu\u1ea3n l\u00fd c\u00e1c r\u1ee7i ro kinh doanh v\u00e0 qu\u1ea3n tr\u1ecb;<\/li>\n<li>\u1ee8ng d\u1ee5ng c\u00f4ng ngh\u1ec7 trong chuy\u00ean ng\u00e0nh.<\/li>\n<\/ul>\n<p>&nbsp;<\/p>\n","protected":false},"featured_media":0,"comment_status":"open","ping_status":"closed","template":"","meta":{"_uag_custom_page_level_css":"","site-sidebar-layout":"default","site-content-layout":"","ast-site-content-layout":"default","site-content-style":"default","site-sidebar-style":"default","ast-global-header-display":"","ast-banner-title-visibility":"","ast-main-header-display":"","ast-hfb-above-header-display":"","ast-hfb-below-header-display":"","ast-hfb-mobile-header-display":"","site-post-title":"","ast-breadcrumbs-content":"","ast-featured-img":"","footer-sml-layout":"","theme-transparent-header-meta":"default","adv-header-id-meta":"","stick-header-meta":"","header-above-stick-meta":"","header-main-stick-meta":"","header-below-stick-meta":"","astra-migrate-meta-layouts":"set"},"product_cat":[54],"product_tag":[55],"class_list":["post-2281","product","type-product","status-publish","hentry","product_cat-mini-mba-common-courses","product_tag-mini-mba-2023","desktop-align-left","tablet-align-left","mobile-align-left"],"jetpack_sharing_enabled":true,"uagb_featured_image_src":{"full":false,"thumbnail":false,"medium":false,"medium_large":false,"large":false,"1536x1536":false,"2048x2048":false,"mailpoet_newsletter_max":false,"woocommerce_thumbnail":false,"woocommerce_single":false,"woocommerce_gallery_thumbnail":false},"uagb_author_info":{"display_name":"Nghia Le","author_link":"https:\/\/sinhviet.vn\/index.php\/author\/"},"uagb_comment_info":0,"uagb_excerpt":"L\u1eadp k\u1ebf ho\u1ea1ch chi\u1ebfn l\u01b0\u1ee3c v\u00e0 tri\u1ec3n khai chi\u1ebfn l\u01b0\u1ee3c kinh doanh (Crafting and Implementing Business Strategies) Vi\u1ebft\u00a0\u0111\u01b0\u1ee3c t\u1ea7m nh\u00ecn, s\u1ee9 m\u1ec7nh, gi\u00e1 tr\u1ecb c\u1ed1t l\u00f5i; X\u00e2y d\u1ef1ng \u0111\u01b0\u1ee3c c\u00e1c k\u1ebf ho\u1ea1ch, m\u1ee5c ti\u00eau doanh nghi\u1ec7p; N\u0103ng l\u1ef1c ph\u00e2n t\u00edch c\u00e1c m\u00f4i tr\u01b0\u1eddng c\u1ee7a doanh nghi\u1ec7p; Ph\u00e1t tri\u1ec3n \u0111\u01b0\u1ee3c danh m\u1ee5c s\u1ea3n ph\u1ea9m c\u1ea1nh tranh&hellip;","jetpack-related-posts":[],"_links":{"self":[{"href":"https:\/\/sinhviet.vn\/index.php\/wp-json\/wp\/v2\/product\/2281","targetHints":{"allow":["GET"]}}],"collection":[{"href":"https:\/\/sinhviet.vn\/index.php\/wp-json\/wp\/v2\/product"}],"about":[{"href":"https:\/\/sinhviet.vn\/index.php\/wp-json\/wp\/v2\/types\/product"}],"replies":[{"embeddable":true,"href":"https:\/\/sinhviet.vn\/index.php\/wp-json\/wp\/v2\/comments?post=2281"}],"wp:attachment":[{"href":"https:\/\/sinhviet.vn\/index.php\/wp-json\/wp\/v2\/media?parent=2281"}],"wp:term":[{"taxonomy":"product_cat","embeddable":true,"href":"https:\/\/sinhviet.vn\/index.php\/wp-json\/wp\/v2\/product_cat?post=2281"},{"taxonomy":"product_tag","embeddable":true,"href":"https:\/\/sinhviet.vn\/index.php\/wp-json\/wp\/v2\/product_tag?post=2281"}],"curies":[{"name":"wp","href":"https:\/\/api.w.org\/{rel}","templated":true}]}}