{"id":2271,"date":"2023-10-14T08:12:29","date_gmt":"2023-10-14T08:12:29","guid":{"rendered":"https:\/\/sinhviet.vn\/?post_type=product&#038;p=2271"},"modified":"2025-04-03T02:06:17","modified_gmt":"2025-04-03T02:06:17","slug":"executive-mini-mba","status":"publish","type":"product","link":"https:\/\/sinhviet.vn\/index.php\/product\/executive-mini-mba\/","title":{"rendered":"Executive Mini MBA"},"content":{"rendered":"<p style=\"text-align: center;\">Ch\u01b0\u01a1ng tr\u00ecnh Executive Mini MBA &#8211; 2023<\/p>\n<p style=\"text-align: center;\">44 bu\u1ed5i h\u1ecdc tr\u1ef1c ti\u1ebfp v\u00e0 11 bu\u1ed5i h\u1ecdc tr\u1ef1c tuy\u1ebfn v\u1edbi gi\u1ea3ng vi\u00ean; t\u1ed1i thi\u1ec3u 02 t\u1ecda \u0111\u00e0m theo ch\u1ee7 \u0111\u1ec1 l\u1ef1a ch\u1ecdn; 01 chuy\u1ebfn th\u1ef1c t\u1ebf doanh nghi\u1ec7p, 01 D\u1ecbch v\u1ee5 t\u01b0 v\u1ea5n ph\u00e1t tri\u1ec3n \u0111\u1ed1i t\u00e1c<\/p>\n","protected":false},"excerpt":{"rendered":"<p style=\"text-align: center;\"><em><strong>Ch\u01b0\u01a1ng tr\u00ecnh Executive Mini MBA &#8211; 2023<\/strong><\/em><\/p>\n<p style=\"text-align: left;\">\u201cPh\u00e1t tri\u1ec3n n\u0103ng l\u1ef1c qu\u1ea3n tr\u1ecb v\u00e0 kinh doanh trong n\u1ec1n kinh t\u1ebf s\u1ed1\u201d, bao g\u1ed3m<\/p>\n<ul>\n<li>44 bu\u1ed5i h\u1ecdc tr\u1ef1c ti\u1ebfp v\u00e0 11 bu\u1ed5i h\u1ecdc tr\u1ef1c tuy\u1ebfn v\u1edbi gi\u1ea3ng vi\u00ean (t\u01b0\u01a1ng \u0111\u01b0\u01a1ng 198 gi\u1edd);<\/li>\n<li>T\u1ed1i thi\u1ec3u 02 t\u1ecda \u0111\u00e0m theo ch\u1ee7 \u0111\u1ec1 l\u1ef1a ch\u1ecdn;<\/li>\n<li>To\u00e0n b\u1ed9 t\u00e0i li\u1ec7u v\u00e0 d\u1ee5ng c\u1ee5 h\u1ecdc t\u1eadp cho t\u1eebng bu\u1ed5i h\u1ecdc;<\/li>\n<li>Teabreak cho t\u1eebng bu\u1ed5i h\u1ecdc;<\/li>\n<li>Gi\u1ea5y ch\u1ee9ng nh\u1eadn ho\u00e0n th\u00e0nh kh\u00f3a h\u1ecdc (sau khi \u0111\u00e1p \u1ee9ng \u0111\u1ee7 \u0111i\u1ec1u ki\u1ec7n);<\/li>\n<li>01 chuy\u1ebfn th\u1ef1c t\u1ebf doanh nghi\u1ec7p (01 Day Study Tour) (\u0110\u00e3 bao g\u1ed3m chi ph\u00ed v\u00e0 b\u1ea3o hi\u1ec3m \u0111i l\u1ea1i, \u0103n u\u1ed1ng, \u0111\u1ed9i ng\u0169 h\u1ed7 tr\u1ee3\u2026);<\/li>\n<li>01 Ch\u01b0\u01a1ng tr\u00ecnh Gala t\u1ed5ng k\u1ebft kh\u00f3a h\u1ecdc (ti\u1ec7c t\u1ed1t nghi\u1ec7p, v\u00e0 c\u00e1c ho\u1ea1t \u0111\u1ed9ng \u0111i k\u00e8m);<\/li>\n<li>01 Ch\u01b0\u01a1ng tr\u00ecnh t\u01b0 v\u1ea5n v\u00e0 Coaching th\u1eddi l\u01b0\u1ee3ng 03 gi\u1edd, c\u00f3 hi\u1ec7u l\u1ef1c 03 th\u00e1ng k\u1ec3 t\u1eeb khi t\u1ed1t nghi\u1ec7p kh\u00f3a \u0111\u00e0o t\u1ea1o (Cung c\u1ea5p gi\u1ea3i ph\u00e1p qu\u1ea3n tr\u1ecb v\u00e0 kinh doanh d\u00e0nh cho doanh nghi\u1ec7p);<\/li>\n<li>01 D\u1ecbch v\u1ee5 t\u01b0 v\u1ea5n ph\u00e1t tri\u1ec3n \u0111\u1ed1i t\u00e1c (Gi\u1edbi thi\u1ec7u m\u1ea1ng l\u01b0\u1edbi \u0111\u1ed1i t\u00e1c ti\u1ec1m n\u0103ng d\u00e0nh cho doanh nghi\u1ec7p)<\/li>\n<\/ul>\n","protected":false},"featured_media":2369,"comment_status":"open","ping_status":"closed","template":"","meta":{"_uag_custom_page_level_css":"","site-sidebar-layout":"default","site-content-layout":"","ast-site-content-layout":"default","site-content-style":"default","site-sidebar-style":"default","ast-global-header-display":"","ast-banner-title-visibility":"","ast-main-header-display":"","ast-hfb-above-header-display":"","ast-hfb-below-header-display":"","ast-hfb-mobile-header-display":"","site-post-title":"","ast-breadcrumbs-content":"","ast-featured-img":"","footer-sml-layout":"","theme-transparent-header-meta":"default","adv-header-id-meta":"","stick-header-meta":"","header-above-stick-meta":"","header-main-stick-meta":"","header-below-stick-meta":"","astra-migrate-meta-layouts":"set"},"product_cat":[58],"product_tag":[55],"class_list":["post-2271","product","type-product","status-publish","has-post-thumbnail","hentry","product_cat-mini-mba-2023","product_tag-mini-mba-2023","desktop-align-left","tablet-align-left","mobile-align-left"],"jetpack_sharing_enabled":true,"uagb_featured_image_src":{"full":["https:\/\/sinhviet.vn\/wp-content\/uploads\/2023\/10\/exec-mini-mba.png",710,406,false],"thumbnail":["https:\/\/sinhviet.vn\/wp-content\/uploads\/2023\/10\/exec-mini-mba-150x150.png",150,150,true],"medium":["https:\/\/sinhviet.vn\/wp-content\/uploads\/2023\/10\/exec-mini-mba-300x172.png",300,172,true],"medium_large":["https:\/\/sinhviet.vn\/wp-content\/uploads\/2023\/10\/exec-mini-mba.png",710,406,false],"large":["https:\/\/sinhviet.vn\/wp-content\/uploads\/2023\/10\/exec-mini-mba.png",710,406,false],"1536x1536":["https:\/\/sinhviet.vn\/wp-content\/uploads\/2023\/10\/exec-mini-mba.png",710,406,false],"2048x2048":["https:\/\/sinhviet.vn\/wp-content\/uploads\/2023\/10\/exec-mini-mba.png",710,406,false],"mailpoet_newsletter_max":["https:\/\/sinhviet.vn\/wp-content\/uploads\/2023\/10\/exec-mini-mba.png",710,406,false],"woocommerce_thumbnail":["https:\/\/sinhviet.vn\/wp-content\/uploads\/2023\/10\/exec-mini-mba-300x300.png",300,300,true],"woocommerce_single":["https:\/\/sinhviet.vn\/wp-content\/uploads\/2023\/10\/exec-mini-mba-600x343.png",600,343,true],"woocommerce_gallery_thumbnail":["https:\/\/sinhviet.vn\/wp-content\/uploads\/2023\/10\/exec-mini-mba-100x100.png",100,100,true]},"uagb_author_info":{"display_name":"Nghia Le","author_link":"https:\/\/sinhviet.vn\/index.php\/author\/"},"uagb_comment_info":2,"uagb_excerpt":"Ch\u01b0\u01a1ng tr\u00ecnh Executive Mini MBA - 2023 \u201cPh\u00e1t tri\u1ec3n n\u0103ng l\u1ef1c qu\u1ea3n tr\u1ecb v\u00e0 kinh doanh trong n\u1ec1n kinh t\u1ebf s\u1ed1\u201d, bao g\u1ed3m 44 bu\u1ed5i h\u1ecdc tr\u1ef1c ti\u1ebfp v\u00e0 11 bu\u1ed5i h\u1ecdc tr\u1ef1c tuy\u1ebfn v\u1edbi gi\u1ea3ng vi\u00ean (t\u01b0\u01a1ng \u0111\u01b0\u01a1ng 198 gi\u1edd); T\u1ed1i thi\u1ec3u 02 t\u1ecda \u0111\u00e0m theo ch\u1ee7 \u0111\u1ec1 l\u1ef1a ch\u1ecdn; To\u00e0n b\u1ed9 t\u00e0i li\u1ec7u&hellip;","jetpack-related-posts":[],"_links":{"self":[{"href":"https:\/\/sinhviet.vn\/index.php\/wp-json\/wp\/v2\/product\/2271","targetHints":{"allow":["GET"]}}],"collection":[{"href":"https:\/\/sinhviet.vn\/index.php\/wp-json\/wp\/v2\/product"}],"about":[{"href":"https:\/\/sinhviet.vn\/index.php\/wp-json\/wp\/v2\/types\/product"}],"replies":[{"embeddable":true,"href":"https:\/\/sinhviet.vn\/index.php\/wp-json\/wp\/v2\/comments?post=2271"}],"wp:featuredmedia":[{"embeddable":true,"href":"https:\/\/sinhviet.vn\/index.php\/wp-json\/wp\/v2\/media\/2369"}],"wp:attachment":[{"href":"https:\/\/sinhviet.vn\/index.php\/wp-json\/wp\/v2\/media?parent=2271"}],"wp:term":[{"taxonomy":"product_cat","embeddable":true,"href":"https:\/\/sinhviet.vn\/index.php\/wp-json\/wp\/v2\/product_cat?post=2271"},{"taxonomy":"product_tag","embeddable":true,"href":"https:\/\/sinhviet.vn\/index.php\/wp-json\/wp\/v2\/product_tag?post=2271"}],"curies":[{"name":"wp","href":"https:\/\/api.w.org\/{rel}","templated":true}]}}