{"id":2250,"date":"2023-10-14T05:31:44","date_gmt":"2023-10-14T05:31:44","guid":{"rendered":"https:\/\/sinhviet.vn\/index.php\/cart\/"},"modified":"2023-10-14T08:06:38","modified_gmt":"2023-10-14T08:06:38","slug":"cart","status":"publish","type":"page","link":"https:\/\/sinhviet.vn\/index.php\/cart\/","title":{"rendered":"Gi\u1ecf h\u00e0ng"},"content":{"rendered":"\n","protected":false},"excerpt":{"rendered":"","protected":false},"author":1,"featured_media":0,"parent":0,"menu_order":0,"comment_status":"closed","ping_status":"closed","template":"","meta":{"_uag_custom_page_level_css":"","site-sidebar-layout":"default","site-content-layout":"","ast-site-content-layout":"default","site-content-style":"default","site-sidebar-style":"default","ast-global-header-display":"","ast-banner-title-visibility":"","ast-main-header-display":"","ast-hfb-above-header-display":"","ast-hfb-below-header-display":"","ast-hfb-mobile-header-display":"","site-post-title":"","ast-breadcrumbs-content":"","ast-featured-img":"","footer-sml-layout":"","theme-transparent-header-meta":"","adv-header-id-meta":"","stick-header-meta":"","header-above-stick-meta":"","header-main-stick-meta":"","header-below-stick-meta":"","astra-migrate-meta-layouts":"set","footnotes":""},"class_list":["post-2250","page","type-page","status-publish","hentry"],"jetpack_sharing_enabled":true,"uagb_featured_image_src":{"full":false,"thumbnail":false,"medium":false,"medium_large":false,"large":false,"1536x1536":false,"2048x2048":false,"mailpoet_newsletter_max":false,"woocommerce_thumbnail":false,"woocommerce_single":false,"woocommerce_gallery_thumbnail":false},"uagb_author_info":{"display_name":"admin","author_link":"https:\/\/sinhviet.vn\/index.php\/author\/nhsinvhi\/"},"uagb_comment_info":0,"uagb_excerpt":null,"jetpack-related-posts":[{"id":1758,"url":"https:\/\/sinhviet.vn\/index.php\/dau-tu-xuc-tien-thuong-mai-va-kinh-doanh\/","url_meta":{"origin":2250,"position":0},"title":"\u0110\u1ea7u t\u01b0, x\u00fac ti\u1ebfn th\u01b0\u01a1ng m\u1ea1i v\u00e0 kinh doanh","author":"Nghia Le","date":"April 20, 2023","format":false,"excerpt":"Th\u00fac \u0111\u1ea9y c\u00e1c c\u01a1 h\u1ed9i \u0111\u1ea7u t\u01b0, kinh doanh m\u1edbi Creative &InnovativeIdeas Etiam pharetra, erat sed fermentum feugiat, velit mauris egestas JAMES OLIVER 01 C\u00e1c d\u1ecbch v\u1ee5 Nghi\u00ean c\u1ee9u th\u1ecb tr\u01b0\u1eddng C\u00f4ng ty c\u1ee7a b\u1ea1n \u0111ang mu\u1ed1n th\u00fac \u0111\u1ea9y ph\u00e1t tri\u1ec3n th\u1ecb tr\u01b0\u1eddng ti\u1ec1m n\u0103ng? Nghi\u00ean c\u1ee9u, kh\u1ea3o s\u00e1t th\u1ecb\u2026","rel":"","context":"Similar post","block_context":{"text":"Similar post","link":""},"img":{"alt_text":"","src":"https:\/\/i0.wp.com\/sinhviet.vn\/wp-content\/uploads\/2023\/04\/dich-vu-6-edited.png?resize=350%2C200&ssl=1","width":350,"height":200,"srcset":"https:\/\/i0.wp.com\/sinhviet.vn\/wp-content\/uploads\/2023\/04\/dich-vu-6-edited.png?resize=350%2C200&ssl=1 1x, https:\/\/i0.wp.com\/sinhviet.vn\/wp-content\/uploads\/2023\/04\/dich-vu-6-edited.png?resize=525%2C300&ssl=1 1.5x"},"classes":[]},{"id":2180,"url":"https:\/\/sinhviet.vn\/index.php\/gioi-thieu-2\/","url_meta":{"origin":2250,"position":1},"title":"Gi\u1edbi thi\u1ec7u","author":"Nghia Le","date":"October 7, 2023","format":false,"excerpt":"V\u1ec1 ch\u00fang t\u00f4i To\u00e0n c\u1ea7u h\u00f3a v\u00e0 qu\u1ed1c t\u1ebf h\u00f3a c\u00e1c n\u1ec1n kinh t\u1ebf \u0111ang mang l\u1ea1i cho m\u1ed7i qu\u1ed1c gia, m\u1ed7i doanh nghi\u1ec7p nh\u1eefng c\u01a1 h\u1ed9i v\u00e0 th\u00e1ch th\u1ee9c \u0111\u1ed1i v\u1edbi c\u00e1c m\u1ee5c ti\u00eau ph\u00e1t tri\u1ec3n b\u1ec1n v\u1eefng c\u1ee7a m\u00ecnh. \u0110\u1ed1i v\u1edbi c\u00f4ng ty Sinh Vi\u1ec7t ch\u00fang t\u00f4i, m\u1ed9t\u2026","rel":"","context":"Similar post","block_context":{"text":"Similar post","link":""},"img":{"alt_text":"","src":"https:\/\/i0.wp.com\/sinhviet.vn\/wp-content\/uploads\/2023\/10\/svi_sdtc.png?resize=350%2C200&ssl=1","width":350,"height":200,"srcset":"https:\/\/i0.wp.com\/sinhviet.vn\/wp-content\/uploads\/2023\/10\/svi_sdtc.png?resize=350%2C200&ssl=1 1x, https:\/\/i0.wp.com\/sinhviet.vn\/wp-content\/uploads\/2023\/10\/svi_sdtc.png?resize=525%2C300&ssl=1 1.5x, https:\/\/i0.wp.com\/sinhviet.vn\/wp-content\/uploads\/2023\/10\/svi_sdtc.png?resize=700%2C400&ssl=1 2x, https:\/\/i0.wp.com\/sinhviet.vn\/wp-content\/uploads\/2023\/10\/svi_sdtc.png?resize=1050%2C600&ssl=1 3x"},"classes":[]},{"id":1616,"url":"https:\/\/sinhviet.vn\/index.php\/dich-vu-dich-thuat\/","url_meta":{"origin":2250,"position":2},"title":"D\u1ecbch v\u1ee5 d\u1ecbch thu\u1eadt","author":"Nghia Le","date":"April 17, 2023","format":false,"excerpt":"Best advice, just when you need it! He is a magician! Harvey Potter, JP Tech Inc Contact Me D\u1ecbch v\u1ee5 \u0110\u1ed9i ng\u0169 bi\u00ean phi\u00ean d\u1ecbch, hi\u1ec7u \u0111\u00ednh trong v\u00e0 ngo\u00e0i n\u01b0\u1edbc gi\u00e0u kinh ki\u1ec7m; Ho\u00e0n th\u00e0nh d\u1ef1 \u00e1n d\u1ecbch trong th\u1eddi gian y\u00eau c\u1ea7u; Kh\u1ea3 n\u0103ng qu\u1ea3n l\u00fd \u0111a d\u1ef1\u2026","rel":"","context":"Similar post","block_context":{"text":"Similar post","link":""},"img":{"alt_text":"","src":"https:\/\/i0.wp.com\/sinhviet.vn\/wp-content\/uploads\/2023\/04\/dich-vu-dich-thuat-moi-nhat-edited.jpg?resize=350%2C200&ssl=1","width":350,"height":200,"srcset":"https:\/\/i0.wp.com\/sinhviet.vn\/wp-content\/uploads\/2023\/04\/dich-vu-dich-thuat-moi-nhat-edited.jpg?resize=350%2C200&ssl=1 1x, https:\/\/i0.wp.com\/sinhviet.vn\/wp-content\/uploads\/2023\/04\/dich-vu-dich-thuat-moi-nhat-edited.jpg?resize=525%2C300&ssl=1 1.5x"},"classes":[]},{"id":800,"url":"https:\/\/sinhviet.vn\/","url_meta":{"origin":2250,"position":3},"title":"Trang ch\u1ee7","author":"admin","date":"April 11, 2023","format":false,"excerpt":"T\u00ecm ki\u1ebfm Social Facebook Gi\u1edbi thi\u1ec7u v\u1ec1 Sinh Vi\u1ec7t Intelligence To\u00e0n c\u1ea7u h\u00f3a v\u00e0 qu\u1ed1c t\u1ebf h\u00f3a c\u00e1c n\u1ec1n kinh t\u1ebf \u0111ang mang l\u1ea1i cho m\u1ed7i qu\u1ed1c gia, m\u1ed7i doanh nghi\u1ec7p nh\u1eefng c\u01a1 h\u1ed9i v\u00e0 th\u00e1ch th\u1ee9c \u0111\u1ed1i v\u1edbi c\u00e1c m\u1ee5c ti\u00eau ph\u00e1t tri\u1ec3n b\u1ec1n v\u1eefng c\u1ee7a m\u00ecnh. \u0110\u1ed1i v\u1edbi\u2026","rel":"","context":"Similar post","block_context":{"text":"Similar post","link":""},"img":{"alt_text":"","src":"https:\/\/i0.wp.com\/sinhviet.vn\/wp-content\/uploads\/2023\/10\/sinh_viet_cover-thin.jpg?resize=350%2C200&ssl=1","width":350,"height":200,"srcset":"https:\/\/i0.wp.com\/sinhviet.vn\/wp-content\/uploads\/2023\/10\/sinh_viet_cover-thin.jpg?resize=350%2C200&ssl=1 1x, https:\/\/i0.wp.com\/sinhviet.vn\/wp-content\/uploads\/2023\/10\/sinh_viet_cover-thin.jpg?resize=525%2C300&ssl=1 1.5x, https:\/\/i0.wp.com\/sinhviet.vn\/wp-content\/uploads\/2023\/10\/sinh_viet_cover-thin.jpg?resize=700%2C400&ssl=1 2x, https:\/\/i0.wp.com\/sinhviet.vn\/wp-content\/uploads\/2023\/10\/sinh_viet_cover-thin.jpg?resize=1050%2C600&ssl=1 3x, https:\/\/i0.wp.com\/sinhviet.vn\/wp-content\/uploads\/2023\/10\/sinh_viet_cover-thin.jpg?resize=1400%2C800&ssl=1 4x"},"classes":[]}],"_links":{"self":[{"href":"https:\/\/sinhviet.vn\/index.php\/wp-json\/wp\/v2\/pages\/2250","targetHints":{"allow":["GET"]}}],"collection":[{"href":"https:\/\/sinhviet.vn\/index.php\/wp-json\/wp\/v2\/pages"}],"about":[{"href":"https:\/\/sinhviet.vn\/index.php\/wp-json\/wp\/v2\/types\/page"}],"author":[{"embeddable":true,"href":"https:\/\/sinhviet.vn\/index.php\/wp-json\/wp\/v2\/users\/1"}],"replies":[{"embeddable":true,"href":"https:\/\/sinhviet.vn\/index.php\/wp-json\/wp\/v2\/comments?post=2250"}],"version-history":[{"count":1,"href":"https:\/\/sinhviet.vn\/index.php\/wp-json\/wp\/v2\/pages\/2250\/revisions"}],"predecessor-version":[{"id":2269,"href":"https:\/\/sinhviet.vn\/index.php\/wp-json\/wp\/v2\/pages\/2250\/revisions\/2269"}],"wp:attachment":[{"href":"https:\/\/sinhviet.vn\/index.php\/wp-json\/wp\/v2\/media?parent=2250"}],"curies":[{"name":"wp","href":"https:\/\/api.w.org\/{rel}","templated":true}]}}