{"id":2180,"date":"2023-10-07T08:30:15","date_gmt":"2023-10-07T08:30:15","guid":{"rendered":"https:\/\/sinhviet.vn\/?page_id=2180"},"modified":"2023-10-24T09:53:55","modified_gmt":"2023-10-24T09:53:55","slug":"gioi-thieu-2","status":"publish","type":"page","link":"https:\/\/sinhviet.vn\/index.php\/gioi-thieu-2\/","title":{"rendered":"Gi\u1edbi thi\u1ec7u"},"content":{"rendered":"\n<div class=\"wp-block-uagb-container uagb-block-9ff1b321 alignfull uagb-is-root-container\">\n<div class=\"wp-block-uagb-advanced-heading uagb-block-16abe7a0\"><h2 class=\"uagb-heading-text\">V\u1ec1 ch\u00fang t\u00f4i<\/h2><\/div>\n\n\n\n<hr class=\"wp-block-separator has-text-color has-white-color has-alpha-channel-opacity has-white-background-color has-background is-style-wide\"\/>\n\n\n\n<div class=\"wp-block-columns is-layout-flex wp-container-core-columns-is-layout-28f84493 wp-block-columns-is-layout-flex\">\n<div class=\"wp-block-column is-layout-flow wp-block-column-is-layout-flow\" style=\"flex-basis:75%\">\n<p style=\"margin-right:var(--wp--preset--spacing--50);margin-left:var(--wp--preset--spacing--50)\">To\u00e0n c\u1ea7u h\u00f3a v\u00e0 qu\u1ed1c t\u1ebf h\u00f3a c\u00e1c n\u1ec1n kinh t\u1ebf \u0111ang mang l\u1ea1i cho m\u1ed7i qu\u1ed1c gia, m\u1ed7i doanh nghi\u1ec7p nh\u1eefng c\u01a1 h\u1ed9i v\u00e0 th\u00e1ch th\u1ee9c \u0111\u1ed1i v\u1edbi c\u00e1c m\u1ee5c ti\u00eau ph\u00e1t tri\u1ec3n b\u1ec1n v\u1eefng c\u1ee7a m\u00ecnh. \u0110\u1ed1i v\u1edbi c\u00f4ng ty Sinh Vi\u1ec7t ch\u00fang t\u00f4i, m\u1ed9t c\u00f4ng ty \u0111\u01b0\u1ee3c th\u00e0nh l\u1eadp b\u1edfi nh\u1eefng con ng\u01b0\u1eddi t\u00e2m huy\u1ebft v\u00e0 kinh nghi\u1ec7m, d\u1ef1a tr\u00ean ph\u01b0\u01a1ng ch\u00e2m h\u00e0nh \u0111\u1ed9ng <strong>SVI Code of Conduct <\/strong>\u201c<strong>S<\/strong>ervice- <strong>V<\/strong>alue<strong> C<\/strong>reation- <strong>I<\/strong>nnovation\u201d, ch\u00fang t\u00f4i lu\u00f4n n\u1ed7 l\u1ef1c t\u1ea1o n\u00ean c\u00e1c gi\u00e1 tr\u1ecb \u0111\u00edch th\u1ef1c cho kh\u00e1ch h\u00e0ng, \u0111\u1ed1i t\u00e1c v\u00e0 c\u1ed9ng \u0111\u1ed3ng trong c\u00e1c l\u0129nh v\u1ef1c m\u00e0 c\u00f4ng ty tham gia.<\/p>\n\n\n\n<p style=\"margin-right:var(--wp--preset--spacing--50);margin-left:var(--wp--preset--spacing--50)\">Ngay t\u1eeb ng\u00e0y \u0111\u1ea7u th\u00e0nh l\u1eadp, C\u00f4ng ty \u0111\u00e3 ch\u00fa tr\u1ecdng x\u00e2y d\u1ef1ng v\u00e0 ph\u00e1t tri\u1ec3n m\u1ea1ng l\u01b0\u1edbi r\u1ed9ng l\u1edbn \u0111\u1ed9i ng\u0169 chuy\u00ean gia, c\u1ed1 v\u1ea5n t\u00e0i n\u0103ng v\u00e0 \u0111\u1ed1i t\u00e1c \u0111\u1ec3 c\u00f9ng nhau h\u1ee3p l\u1ef1c cho s\u1ef1 ph\u00e1t tri\u1ec3n c\u1ee7a c\u00f4ng ty v\u00e0 kh\u00e1ch h\u00e0ng.<\/p>\n<\/div>\n\n\n\n<div class=\"wp-block-column is-layout-flow wp-block-column-is-layout-flow\"><\/div>\n<\/div>\n<\/div>\n\n\n\n<div class=\"wp-block-uagb-container uagb-block-1f47264c alignfull uagb-is-root-container\"><div class=\"uagb-container-inner-blocks-wrap\">\n<div class=\"wp-block-uagb-advanced-heading uagb-block-b6c77096\"><h2 class=\"uagb-heading-text\"><strong>T\u1ea7m nh\u00ecn \u0111\u1ebfn n\u0103m 2030<\/strong><\/h2><\/div>\n\n\n\n<p class=\"has-ast-global-color-6-color has-text-color\">Ph\u00e1t tri\u1ec3n SINH VI\u1ec6T th\u00e0nh m\u1ed9t trong nh\u1eefng t\u1ed5 ch\u1ee9c uy t\u00edn v\u00e0 kh\u00e1c bi\u1ec7t trong l\u0129nh v\u1ef1c d\u1ecbch v\u1ee5 t\u01b0 v\u1ea5n, \u0111\u00e0o t\u1ea1o, \u0111\u1ea7u t\u01b0 v\u00e0 kinh doanh th\u01b0\u01a1ng m\u1ea1i t\u1ea1i Vi\u1ec7t Nam.<\/p>\n\n\n\n<div class=\"wp-block-uagb-advanced-heading uagb-block-4efd78a0\"><h2 class=\"uagb-heading-text\"><strong>S\u1ee9 m\u1ec7nh<\/strong><\/h2><\/div>\n\n\n\n<p class=\"has-ast-global-color-6-color has-text-color\">D\u1ef1a v\u00e0o t\u01b0 duy \u0111\u1ed5i m\u1edbi s\u00e1ng t\u1ea1o, kinh nghi\u1ec7m \u0111\u01b0\u1ee3c \u0111\u00fac k\u1ebft, \u1ee9ng d\u1ee5ng c\u00f4ng ngh\u1ec7 \u0111\u1ec3 SINH VI\u1ec6T cung c\u1ea5p gi\u1ea3i ph\u00e1p v\u00e0 d\u1ecbch v\u1ee5 v\u1ec1 t\u01b0 v\u1ea5n qu\u1ea3n l\u00fd, \u0111\u00e0o t\u1ea1o, d\u1ecbch thu\u1eadt, t\u01b0 v\u1ea5n ch\u00ednh s\u00e1ch, th\u1ef1c hi\u1ec7n c\u00e1c ho\u1ea1t \u0111\u1ed9ng kinh doanh th\u01b0\u01a1ng m\u1ea1i v\u00e0 \u0111\u1ea7u t\u01b0 nh\u1eb1m gia t\u0103ng l\u1ee3i \u00edch b\u1ec1n v\u1eefng cho kh\u00e1ch h\u00e0ng, \u0111\u1ed1i t\u00e1c v\u00e0 c\u1ed9ng \u0111\u1ed3ng.<\/p>\n\n\n\n<div class=\"wp-block-uagb-advanced-heading uagb-block-f0e404fa\"><h2 class=\"uagb-heading-text\"><strong>Gi\u00e1 tr\u1ecb c\u1ed1t l\u00f5i<\/strong><\/h2><\/div>\n\n\n\n<ul class=\"has-ast-global-color-6-color has-text-color wp-block-list\">\n<li><strong>D\u1ecbch v\u1ee5 (Service)<\/strong>: S\u1ef1 h\u00e0i l\u00f2ng c\u1ee7a kh\u00e1ch h\u00e0ng v\u00e0 c\u00e1c b\u00ean li\u00ean quan kh\u00e1c l\u00e0 ti\u00eau ch\u00ed c\u1ed1t l\u00f5i trong ho\u1ea1t \u0111\u1ed9ng, v\u1edbi cam k\u1ebft Ch\u1ea5t l\u01b0\u1ee3ng \u2013 Ti\u1ebfn \u0111\u1ed9 v\u00e0 \u0110a d\u1ea1ng d\u1ecbch v\u1ee5<\/li>\n\n\n\n<li><strong>Gi\u00e1 tr\u1ecb (Value Creation)<\/strong>: Gi\u00e1 tr\u1ecb gia t\u0103ng \u0111\u1ec3 t\u1ea1o ra l\u1ee3i th\u1ebf, s\u1ef1 ph\u00e1t tri\u1ec3n b\u1ec1n v\u1eefng cho kh\u00e1ch h\u00e0ng v\u00e0 c\u00e1c b\u00ean li\u00ean quan kh\u00e1c<\/li>\n\n\n\n<li><strong>\u0110\u1ed5i m\u1edbi (Innovation)<\/strong>: C\u1ea3i ti\u1ebfn li\u00ean t\u1ee5c, s\u1ea3n ph\u1ea9m v\u00e0 d\u1ecbch v\u1ee5 m\u1edbi \u0111a d\u1ea1ng, \u1ee9ng d\u1ee5ng c\u00f4ng ngh\u1ec7 nh\u1eb1m \u0111\u01b0a ra c\u00e1c gi\u1ea3i ph\u00e1p t\u1ed1i \u01b0u<\/li>\n<\/ul>\n<\/div><\/div>\n\n\n\n<div class=\"wp-block-uagb-container uagb-block-de9ee564 alignfull uagb-is-root-container\"><div class=\"uagb-container-inner-blocks-wrap\">\n<div class=\"wp-block-uagb-advanced-heading uagb-block-dca16606\"><h2 class=\"uagb-heading-text\">Ho\u1ea1t \u0111\u1ed9ng ch\u00ednh<\/h2><\/div>\n\n\n\n<ul class=\"has-ast-global-color-8-color has-text-color wp-block-list\">\n<li>T\u01b0 v\u1ea5n Qu\u1ea3n l\u00fd v\u00e0 Kinh doanh<\/li>\n\n\n\n<li>\u0110\u00e0o t\u1ea1o<\/li>\n\n\n\n<li>D\u1ecbch thu\u1eadt<\/li>\n\n\n\n<li>T\u01b0 v\u1ea5n \u0111\u1ecbnh h\u01b0\u1edbng ngh\u1ec1 nghi\u1ec7p<\/li>\n\n\n\n<li>H\u1ed7 tr\u1ee3 v\u00e0 k\u1ebft n\u1ed1i gi\u00e1o d\u1ee5c<\/li>\n\n\n\n<li>\u0110\u1ea7u t\u01b0, x\u00fac ti\u1ebfn th\u01b0\u01a1ng m\u1ea1i &amp; kinh doanh<\/li>\n<\/ul>\n<\/div><\/div>\n\n\n\n<div class=\"wp-block-uagb-container uagb-block-959e7aa4 alignfull uagb-is-root-container\">\n<div class=\"wp-block-uagb-advanced-heading uagb-block-d7381da0\"><h2 class=\"uagb-heading-text\">S\u01a1 \u0111\u1ed3 t\u1ed5 ch\u1ee9c<\/h2><\/div>\n\n\n\n<figure class=\"wp-block-image alignfull size-full is-style-default\"><img loading=\"lazy\" decoding=\"async\" width=\"1241\" height=\"694\" src=\"https:\/\/sinhviet.vn\/wp-content\/uploads\/2023\/10\/svi_sdtc.png\" alt=\"\" class=\"wp-image-2625\" srcset=\"https:\/\/sinhviet.vn\/wp-content\/uploads\/2023\/10\/svi_sdtc.png 1241w, https:\/\/sinhviet.vn\/wp-content\/uploads\/2023\/10\/svi_sdtc-300x168.png 300w, https:\/\/sinhviet.vn\/wp-content\/uploads\/2023\/10\/svi_sdtc-1024x573.png 1024w, https:\/\/sinhviet.vn\/wp-content\/uploads\/2023\/10\/svi_sdtc-768x429.png 768w, https:\/\/sinhviet.vn\/wp-content\/uploads\/2023\/10\/svi_sdtc-600x336.png 600w\" sizes=\"auto, (max-width: 1241px) 100vw, 1241px\" \/><\/figure>\n<\/div>\n","protected":false},"excerpt":{"rendered":"<p>V\u1ec1 ch\u00fang t\u00f4i To\u00e0n c\u1ea7u h\u00f3a v\u00e0 qu\u1ed1c t\u1ebf h\u00f3a c\u00e1c n\u1ec1n kinh t\u1ebf \u0111ang mang l\u1ea1i cho m\u1ed7i qu\u1ed1c gia, m\u1ed7i doanh nghi\u1ec7p nh\u1eefng c\u01a1 h\u1ed9i v\u00e0 th\u00e1ch th\u1ee9c \u0111\u1ed1i v\u1edbi c\u00e1c m\u1ee5c ti\u00eau ph\u00e1t tri\u1ec3n b\u1ec1n v\u1eefng c\u1ee7a m\u00ecnh. \u0110\u1ed1i v\u1edbi c\u00f4ng ty Sinh Vi\u1ec7t ch\u00fang t\u00f4i, m\u1ed9t c\u00f4ng ty \u0111\u01b0\u1ee3c th\u00e0nh l\u1eadp &hellip;<\/p>\n<p class=\"read-more\"> <a class=\"\" href=\"https:\/\/sinhviet.vn\/index.php\/gioi-thieu-2\/\"> <span class=\"screen-reader-text\">Gi\u1edbi thi\u1ec7u<\/span> Read More &raquo;<\/a><\/p>\n","protected":false},"author":2,"featured_media":0,"parent":0,"menu_order":0,"comment_status":"closed","ping_status":"closed","template":"","meta":{"_uag_custom_page_level_css":"","site-sidebar-layout":"no-sidebar","site-content-layout":"","ast-site-content-layout":"normal-width-container","site-content-style":"default","site-sidebar-style":"default","ast-global-header-display":"","ast-banner-title-visibility":"","ast-main-header-display":"","ast-hfb-above-header-display":"","ast-hfb-below-header-display":"","ast-hfb-mobile-header-display":"","site-post-title":"disabled","ast-breadcrumbs-content":"","ast-featured-img":"","footer-sml-layout":"","theme-transparent-header-meta":"","adv-header-id-meta":"","stick-header-meta":"","header-above-stick-meta":"","header-main-stick-meta":"","header-below-stick-meta":"","astra-migrate-meta-layouts":"set","footnotes":""},"class_list":["post-2180","page","type-page","status-publish","hentry"],"jetpack_sharing_enabled":true,"uagb_featured_image_src":{"full":false,"thumbnail":false,"medium":false,"medium_large":false,"large":false,"1536x1536":false,"2048x2048":false,"mailpoet_newsletter_max":false,"woocommerce_thumbnail":false,"woocommerce_single":false,"woocommerce_gallery_thumbnail":false},"uagb_author_info":{"display_name":"Nghia Le","author_link":"https:\/\/sinhviet.vn\/index.php\/author\/nghialm2\/"},"uagb_comment_info":0,"uagb_excerpt":"V\u1ec1 ch\u00fang t\u00f4i To\u00e0n c\u1ea7u h\u00f3a v\u00e0 qu\u1ed1c t\u1ebf h\u00f3a c\u00e1c n\u1ec1n kinh t\u1ebf \u0111ang mang l\u1ea1i cho m\u1ed7i qu\u1ed1c gia, m\u1ed7i doanh nghi\u1ec7p nh\u1eefng c\u01a1 h\u1ed9i v\u00e0 th\u00e1ch th\u1ee9c \u0111\u1ed1i v\u1edbi c\u00e1c m\u1ee5c ti\u00eau ph\u00e1t tri\u1ec3n b\u1ec1n v\u1eefng c\u1ee7a m\u00ecnh. \u0110\u1ed1i v\u1edbi c\u00f4ng ty Sinh Vi\u1ec7t ch\u00fang t\u00f4i, m\u1ed9t c\u00f4ng ty \u0111\u01b0\u1ee3c th\u00e0nh l\u1eadp&hellip;","jetpack-related-posts":[{"id":2066,"url":"https:\/\/sinhviet.vn\/index.php\/all-courses-executive-mini-mba-2023\/","url_meta":{"origin":2180,"position":0},"title":"Executive Mini MBA","author":"Nghia Le","date":"October 4, 2023","format":false,"excerpt":"Gi\u1ea3ng vi\u00ean TS. Gi\u1edbi thi\u1ec7u v\u1ec1 gi\u1ea3ng vi\u00ean. \u0110\u0103ng k\u00fd ngay Download Brochure","rel":"","context":"Similar post","block_context":{"text":"Similar post","link":""},"img":{"alt_text":"","src":"","width":0,"height":0},"classes":[]},{"id":1882,"url":"https:\/\/sinhviet.vn\/index.php\/ho-tro-va-ket-noi-giao-duc\/","url_meta":{"origin":2180,"position":1},"title":"H\u1ed7 tr\u1ee3 v\u00e0 k\u1ebft n\u1ed1i gi\u00e1o d\u1ee5c","author":"Nghia Le","date":"April 21, 2023","format":false,"excerpt":"Lu\u00f4n \u0111\u1ed3ng h\u00e0nh c\u00f9ng b\u1ea1n tr\u00ean con \u0111\u01b0\u1eddng h\u1ecdc t\u1eadp, ph\u00e1t tri\u1ec3n b\u1ea3n th\u00e2n! T\u01b0 v\u1ea5n gi\u00e1o d\u1ee5c B\u1ea1n c\u1ea7n t\u01b0 v\u1ea5n v\u1ec1 ng\u00e0nh h\u1ecdc, c\u00e1c ch\u01b0\u01a1ng tr\u00ecnh trao \u0111\u1ed5i cho con em? Ch\u00fang t\u00f4i t\u01b0 v\u1ea5n v\u1ec1 c\u00e1c ng\u00e0nh h\u1ecdc v\u00e0 xu h\u01b0\u1edbng t\u01b0\u01a1ng lai d\u1ef1a tr\u00ean h\u1ed3 s\u01a1\u2026","rel":"","context":"Similar post","block_context":{"text":"Similar post","link":""},"img":{"alt_text":"","src":"https:\/\/i0.wp.com\/sinhviet.vn\/wp-content\/uploads\/2023\/04\/dich-vu-5.jpg?resize=350%2C200&ssl=1","width":350,"height":200,"srcset":"https:\/\/i0.wp.com\/sinhviet.vn\/wp-content\/uploads\/2023\/04\/dich-vu-5.jpg?resize=350%2C200&ssl=1 1x, https:\/\/i0.wp.com\/sinhviet.vn\/wp-content\/uploads\/2023\/04\/dich-vu-5.jpg?resize=525%2C300&ssl=1 1.5x, https:\/\/i0.wp.com\/sinhviet.vn\/wp-content\/uploads\/2023\/04\/dich-vu-5.jpg?resize=700%2C400&ssl=1 2x, https:\/\/i0.wp.com\/sinhviet.vn\/wp-content\/uploads\/2023\/04\/dich-vu-5.jpg?resize=1050%2C600&ssl=1 3x, https:\/\/i0.wp.com\/sinhviet.vn\/wp-content\/uploads\/2023\/04\/dich-vu-5.jpg?resize=1400%2C800&ssl=1 4x"},"classes":[]},{"id":800,"url":"https:\/\/sinhviet.vn\/","url_meta":{"origin":2180,"position":2},"title":"Trang ch\u1ee7","author":"admin","date":"April 11, 2023","format":false,"excerpt":"T\u00ecm ki\u1ebfm Social Facebook Gi\u1edbi thi\u1ec7u v\u1ec1 Sinh Vi\u1ec7t Intelligence To\u00e0n c\u1ea7u h\u00f3a v\u00e0 qu\u1ed1c t\u1ebf h\u00f3a c\u00e1c n\u1ec1n kinh t\u1ebf \u0111ang mang l\u1ea1i cho m\u1ed7i qu\u1ed1c gia, m\u1ed7i doanh nghi\u1ec7p nh\u1eefng c\u01a1 h\u1ed9i v\u00e0 th\u00e1ch th\u1ee9c \u0111\u1ed1i v\u1edbi c\u00e1c m\u1ee5c ti\u00eau ph\u00e1t tri\u1ec3n b\u1ec1n v\u1eefng c\u1ee7a m\u00ecnh. \u0110\u1ed1i v\u1edbi\u2026","rel":"","context":"Similar post","block_context":{"text":"Similar post","link":""},"img":{"alt_text":"","src":"https:\/\/i0.wp.com\/sinhviet.vn\/wp-content\/uploads\/2023\/10\/sinh_viet_cover-thin.jpg?resize=350%2C200&ssl=1","width":350,"height":200,"srcset":"https:\/\/i0.wp.com\/sinhviet.vn\/wp-content\/uploads\/2023\/10\/sinh_viet_cover-thin.jpg?resize=350%2C200&ssl=1 1x, https:\/\/i0.wp.com\/sinhviet.vn\/wp-content\/uploads\/2023\/10\/sinh_viet_cover-thin.jpg?resize=525%2C300&ssl=1 1.5x, https:\/\/i0.wp.com\/sinhviet.vn\/wp-content\/uploads\/2023\/10\/sinh_viet_cover-thin.jpg?resize=700%2C400&ssl=1 2x, https:\/\/i0.wp.com\/sinhviet.vn\/wp-content\/uploads\/2023\/10\/sinh_viet_cover-thin.jpg?resize=1050%2C600&ssl=1 3x, https:\/\/i0.wp.com\/sinhviet.vn\/wp-content\/uploads\/2023\/10\/sinh_viet_cover-thin.jpg?resize=1400%2C800&ssl=1 4x"},"classes":[]},{"id":1062,"url":"https:\/\/sinhviet.vn\/index.php\/dao-tao\/","url_meta":{"origin":2180,"position":3},"title":"\u0110\u00e0o t\u1ea1o","author":"Nghia Le","date":"April 12, 2023","format":false,"excerpt":"Kh\u00f4ng ng\u1eebng n\u00e2ng cao n\u0103ng l\u1ef1c l\u00e3nh \u0111\u1ea1o v\u00e0 t\u1ed5 ch\u1ee9c nh\u00e2n s\u1ef1 c\u00f9ng c\u00e1c chuy\u00ean gia T\u00ednh t\u01b0\u01a1ng t\u00e1c cao gi\u1eefa chuy\u00ean gia v\u00e0 h\u1ecdc vi\u00ean C\u00e1c v\u1ea5n \u0111\u1ec1 s\u00e1t th\u1ef1c ti\u1ec5n T\u00e0i li\u1ec7u \u0111\u01b0\u1ee3c so\u1ea1n ri\u00eang cho nh\u00f3m \u0111\u1ed1i t\u01b0\u1ee3ng h\u1ecdc vi\u00ean C\u00e1c ch\u01b0\u01a1ng tr\u00ecnh \u0111\u00e0o t\u1ea1o chuy\u00ean\u2026","rel":"","context":"Similar post","block_context":{"text":"Similar post","link":""},"img":{"alt_text":"","src":"https:\/\/i0.wp.com\/sinhviet.vn\/wp-content\/uploads\/2023\/10\/Exe_MiniMBA_logo.png?resize=350%2C200&ssl=1","width":350,"height":200,"srcset":"https:\/\/i0.wp.com\/sinhviet.vn\/wp-content\/uploads\/2023\/10\/Exe_MiniMBA_logo.png?resize=350%2C200&ssl=1 1x, https:\/\/i0.wp.com\/sinhviet.vn\/wp-content\/uploads\/2023\/10\/Exe_MiniMBA_logo.png?resize=525%2C300&ssl=1 1.5x, https:\/\/i0.wp.com\/sinhviet.vn\/wp-content\/uploads\/2023\/10\/Exe_MiniMBA_logo.png?resize=700%2C400&ssl=1 2x, https:\/\/i0.wp.com\/sinhviet.vn\/wp-content\/uploads\/2023\/10\/Exe_MiniMBA_logo.png?resize=1050%2C600&ssl=1 3x"},"classes":[]}],"_links":{"self":[{"href":"https:\/\/sinhviet.vn\/index.php\/wp-json\/wp\/v2\/pages\/2180","targetHints":{"allow":["GET"]}}],"collection":[{"href":"https:\/\/sinhviet.vn\/index.php\/wp-json\/wp\/v2\/pages"}],"about":[{"href":"https:\/\/sinhviet.vn\/index.php\/wp-json\/wp\/v2\/types\/page"}],"author":[{"embeddable":true,"href":"https:\/\/sinhviet.vn\/index.php\/wp-json\/wp\/v2\/users\/2"}],"replies":[{"embeddable":true,"href":"https:\/\/sinhviet.vn\/index.php\/wp-json\/wp\/v2\/comments?post=2180"}],"version-history":[{"count":19,"href":"https:\/\/sinhviet.vn\/index.php\/wp-json\/wp\/v2\/pages\/2180\/revisions"}],"predecessor-version":[{"id":2629,"href":"https:\/\/sinhviet.vn\/index.php\/wp-json\/wp\/v2\/pages\/2180\/revisions\/2629"}],"wp:attachment":[{"href":"https:\/\/sinhviet.vn\/index.php\/wp-json\/wp\/v2\/media?parent=2180"}],"curies":[{"name":"wp","href":"https:\/\/api.w.org\/{rel}","templated":true}]}}