{"id":1616,"date":"2023-04-17T06:36:49","date_gmt":"2023-04-17T06:36:49","guid":{"rendered":"https:\/\/sinhviet.vn\/?page_id=1616"},"modified":"2023-04-21T09:20:38","modified_gmt":"2023-04-21T09:20:38","slug":"dich-vu-dich-thuat","status":"publish","type":"page","link":"https:\/\/sinhviet.vn\/index.php\/dich-vu-dich-thuat\/","title":{"rendered":"D\u1ecbch v\u1ee5 d\u1ecbch thu\u1eadt"},"content":{"rendered":"\n<p><\/p>\n\n\n\n<div class=\"wp-block-cover alignwide is-light has-parallax\" style=\"min-height:80vh;aspect-ratio:unset;\"><span aria-hidden=\"true\" class=\"wp-block-cover__background has-ast-global-color-3-background-color has-background-dim-70 has-background-dim\"><\/span><div class=\"wp-block-cover__image-background wp-image-1403 has-parallax\" style=\"background-position:50% 50%;background-image:url(https:\/\/sinhviet.vn\/wp-content\/uploads\/2023\/04\/dich-vu-dich-thuat-moi-nhat-edited.jpg);\"><\/div><div class=\"wp-block-cover__inner-container is-layout-flow wp-block-cover-is-layout-flow\">\n<div class=\"wp-block-uagb-info-box uagb-block-991a3907 uagb-infobox__content-wrap  uagb-infobox-icon-left-title uagb-infobox-left uagb-infobox-image-valign-top uagb-infobox__outer-wrap\"><div class=\"uagb-ifb-content\"><div class=\"uagb-ifb-left-title-image\"><div class=\"uagb-ifb-icon-wrap\"><svg xmlns=\"https:\/\/www.w3.org\/2000\/svg\" viewBox=\"0 0 448 512\"><path d=\"M96 224C84.72 224 74.05 226.3 64 229.9V224c0-35.3 28.7-64 64-64c17.67 0 32-14.33 32-32S145.7 96 128 96C57.42 96 0 153.4 0 224v96c0 53.02 42.98 96 96 96s96-42.98 96-96S149 224 96 224zM352 224c-11.28 0-21.95 2.305-32 5.879V224c0-35.3 28.7-64 64-64c17.67 0 32-14.33 32-32s-14.33-32-32-32c-70.58 0-128 57.42-128 128v96c0 53.02 42.98 96 96 96s96-42.98 96-96S405 224 352 224z\"><\/path><\/svg><\/div><div class=\"uagb-ifb-title-wrap\"><\/div><\/div><\/div><\/div>\n\n\n\n<h1 class=\"wp-block-heading\">Best advice, just when you need it! <br>He is a magician!<\/h1>\n\n\n\n<p>Harvey Potter, JP Tech Inc<\/p>\n\n\n\n<div class=\"wp-block-buttons is-layout-flex wp-block-buttons-is-layout-flex\">\n<div class=\"wp-block-button\"><a class=\"wp-block-button__link wp-element-button\">Contact Me<\/a><\/div>\n<\/div>\n<\/div><\/div>\n\n\n\n<section class=\"wp-block-group is-layout-constrained wp-block-group-is-layout-constrained\">\n<hr class=\"wp-block-separator has-text-color has-alpha-channel-opacity has-background\" style=\"background-color:#081db8;color:#081db8\"\/>\n\n\n\n<div class=\"wp-block-columns alignwide is-layout-flex wp-container-core-columns-is-layout-28f84493 wp-block-columns-is-layout-flex\">\n<div class=\"wp-block-column has-background is-layout-flow wp-block-column-is-layout-flow\" style=\"background-color:#fcf100\">\n<h2 class=\"wp-block-heading has-text-align-center\" id=\"single\" style=\"font-size:40px\"><strong>D\u1ecbch v\u1ee5<\/strong><\/h2>\n\n\n\n<hr class=\"wp-block-separator has-alpha-channel-opacity\"\/>\n\n\n\n<ul class=\"has-normal-font-size wp-block-list\">\n<li style=\"font-size:17px\">\u0110\u1ed9i ng\u0169 bi\u00ean phi\u00ean d\u1ecbch, hi\u1ec7u \u0111\u00ednh trong v\u00e0 ngo\u00e0i n\u01b0\u1edbc gi\u00e0u kinh ki\u1ec7m;<\/li>\n\n\n\n<li style=\"font-size:17px\">Ho\u00e0n th\u00e0nh d\u1ef1 \u00e1n d\u1ecbch trong th\u1eddi gian y\u00eau c\u1ea7u; Kh\u1ea3 n\u0103ng qu\u1ea3n l\u00fd \u0111a d\u1ef1 \u00e1n<\/li>\n\n\n\n<li style=\"font-size:17px\">Quy tr\u00ecnh ki\u1ec3m so\u00e1t ch\u1ea5t l\u01b0\u1ee3ng ch\u1eb7t ch\u1ebd<\/li>\n\n\n\n<li style=\"font-size:17px\">Qu\u1ea3n tr\u1ecb ho\u1ea1t \u0111\u1ed9ng th\u1ed1ng nh\u1ea5t tr\u00ean 01 \u1ee9ng d\u1ee5ng gi\u00fap t\u0103ng ch\u1ea5t l\u01b0\u1ee3ng b\u1ea3n d\u1ecbch<\/li>\n<\/ul>\n<\/div>\n\n\n\n<div class=\"wp-block-column has-background is-layout-flow wp-block-column-is-layout-flow\" style=\"background-color:#78fb32\">\n<h2 class=\"wp-block-heading has-text-align-center\" id=\"family\" style=\"font-size:40px\"><strong><strong>Chia s\u1ebb gi\u00e1 tr\u1ecb<\/strong><\/strong><\/h2>\n\n\n\n<hr class=\"wp-block-separator has-css-opacity\"\/>\n\n\n\n<ul class=\"has-normal-font-size wp-block-list\">\n<li style=\"font-size:17px\">Ch\u1ea5t l\u01b0\u1ee3ng qu\u1ed1c t\u1ebf &#8211; chi ph\u00ed n\u1ed9i \u0111\u1ecba;<\/li>\n\n\n\n<li style=\"font-size:17px\">T\u0103ng t\u01b0\u01a1ng t\u00e1c, ni\u00eam tin, gi\u00e1 tr\u1ecb truy\u1ec1n th\u00f4ng v\u1edbi kh\u00e1ch h\u00e0ng v\u00e0 s\u1eed d\u1ee5ng d\u1ecbch v\u1ee5 c\u1ee7a \u0111\u1ed1i t\u00e1c;<\/li>\n\n\n\n<li style=\"font-size:17px\">\u0110\u1ea3m b\u1ea3o chu\u1ea9n m\u1ef1c v\u00e0 ti\u00eau chu\u1ea9n n\u1ed9i dung truy\u1ec1n th\u00f4ng c\u1ee7a \u0111\u1ed1i t\u00e1c<\/li>\n<\/ul>\n<\/div>\n\n\n\n<div class=\"wp-block-column has-text-color has-background has-link-color wp-elements-bb0e200ea3bb05adddcd6c546c87536a is-layout-flow wp-block-column-is-layout-flow\" style=\"color:#000000;background-color:#c0ebf1;padding-top:2em;padding-right:2em;padding-bottom:2em;padding-left:2em\">\n<h2 class=\"wp-block-heading\" id=\"patron\" style=\"font-size:40px\"><strong>\u0110\u1ed5i m\u1edbi<\/strong><\/h2>\n\n\n\n<hr class=\"wp-block-separator has-css-opacity is-style-wide\"\/>\n\n\n\n<ul class=\"has-normal-font-size wp-block-list\">\n<li style=\"font-size:17px\">\u0110\u1ea3m b\u1ea3o 100% \u0111\u1ecbnh d\u1ea1ng v\u0103n b\u1ea3n c\u1ee7a kh\u00e1ch h\u00e0ng so v\u1edbi b\u1ea3n g\u1ed1c<\/li>\n\n\n\n<li style=\"font-size:17px\">Ki\u1ec3m so\u00e1t ch\u1ea5t l\u01b0\u1ee3ng v\u00e0 th\u1ed1ng k\u00ea s\u1ed1 l\u01b0\u1ee3ng d\u1ecbch 01 tr\u00ean h\u1ec7 th\u1ed1ng ph\u1ea7n m\u1ec1m t\u1eadp trung;<\/li>\n\n\n\n<li style=\"font-size:17px\">H\u1ec7 th\u1ed1ng c\u01a1 s\u1edf d\u1eef li\u1ec7u thu\u1eadt ng\u1eef h\u00e0ng kh\u00f4ng\/ th\u1ed1ng nh\u1ea5t gi\u1eefa c\u00e1c ng\u00f4n ng\u1eef;<\/li>\n<\/ul>\n<\/div>\n<\/div>\n<\/section>\n\n\n\n<div class=\"wp-block-group alignfull has-ast-global-color-5-background-color has-background is-layout-flow wp-block-group-is-layout-flow\">\n<h3 class=\"wp-block-heading has-text-align-center has-large-font-size\"><strong>C\u00e1c \u0111\u1ed1i t\u00e1c c\u1ee7a ch\u00fang t\u00f4i<\/strong><\/h3>\n\n\n\n<figure class=\"wp-block-gallery has-nested-images columns-5 wp-block-gallery-1 is-layout-flex wp-block-gallery-is-layout-flex\">\n<figure class=\"wp-block-image size-large\"><img decoding=\"async\" data-id=\"25451\" src=\"https:\/\/websitedemos.net\/entrepreneur-08\/wp-content\/uploads\/sites\/769\/2021\/03\/logo-4.svg\" alt=\"\" class=\"wp-image-25451\"\/><\/figure>\n\n\n\n<figure class=\"wp-block-image size-large\"><img decoding=\"async\" data-id=\"25452\" src=\"https:\/\/websitedemos.net\/entrepreneur-08\/wp-content\/uploads\/sites\/769\/2021\/03\/logo-5.svg\" alt=\"\" class=\"wp-image-25452\"\/><\/figure>\n\n\n\n<figure class=\"wp-block-image size-large\"><img decoding=\"async\" data-id=\"25449\" src=\"https:\/\/websitedemos.net\/entrepreneur-08\/wp-content\/uploads\/sites\/769\/2021\/03\/logo-2.svg\" alt=\"\" class=\"wp-image-25449\"\/><\/figure>\n\n\n\n<figure class=\"wp-block-image size-large\"><img decoding=\"async\" data-id=\"25450\" src=\"https:\/\/websitedemos.net\/entrepreneur-08\/wp-content\/uploads\/sites\/769\/2021\/03\/logo-3.svg\" alt=\"\" class=\"wp-image-25450\"\/><\/figure>\n\n\n\n<figure class=\"wp-block-image size-large\"><img decoding=\"async\" data-id=\"25448\" src=\"https:\/\/websitedemos.net\/entrepreneur-08\/wp-content\/uploads\/sites\/769\/2021\/03\/logo-1.svg\" alt=\"\" class=\"wp-image-25448\"\/><\/figure>\n<\/figure>\n<\/div>\n\n\n\n<div style=\"height:100px\" aria-hidden=\"true\" class=\"wp-block-spacer\"><\/div>\n\n\n\n<div class=\"wp-block-columns has-light-green-cyan-background-color has-background is-layout-flex wp-container-core-columns-is-layout-28f84493 wp-block-columns-is-layout-flex\">\n<div class=\"wp-block-column is-layout-flow wp-block-column-is-layout-flow\" style=\"flex-basis:33.33%\"><\/div>\n\n\n\n<div class=\"wp-block-column is-layout-flow wp-block-column-is-layout-flow\" style=\"flex-basis:66.66%\">\n<h3 class=\"wp-block-heading has-medium-font-size\"><strong>Li\u00ean h\u1ec7 ngay v\u1edbi ch\u00fang t\u00f4i \u0111\u1ec3 nh\u1eadn \u0111\u01b0\u1ee3c t\u01b0 v\u1ea5n!<\/strong><\/h3>\n\n\n<style id=\"wpforms-css-vars-root\">\n\t\t\t\t:root {\n\t\t\t\t\t--wpforms-field-border-radius: 3px;\n--wpforms-field-background-color: #ffffff;\n--wpforms-field-border-color: rgba( 0, 0, 0, 0.25 );\n--wpforms-field-text-color: rgba( 0, 0, 0, 0.7 );\n--wpforms-label-color: rgba( 0, 0, 0, 0.85 );\n--wpforms-label-sublabel-color: rgba( 0, 0, 0, 0.55 );\n--wpforms-label-error-color: #d63637;\n--wpforms-button-border-radius: 3px;\n--wpforms-button-background-color: #066aab;\n--wpforms-button-text-color: #ffffff;\n--wpforms-field-size-input-height: 43px;\n--wpforms-field-size-input-spacing: 15px;\n--wpforms-field-size-font-size: 16px;\n--wpforms-field-size-line-height: 19px;\n--wpforms-field-size-padding-h: 14px;\n--wpforms-field-size-checkbox-size: 16px;\n--wpforms-field-size-sublabel-spacing: 5px;\n--wpforms-field-size-icon-size: 1;\n--wpforms-label-size-font-size: 16px;\n--wpforms-label-size-line-height: 19px;\n--wpforms-label-size-sublabel-font-size: 14px;\n--wpforms-label-size-sublabel-line-height: 17px;\n--wpforms-button-size-font-size: 17px;\n--wpforms-button-size-height: 41px;\n--wpforms-button-size-padding-h: 15px;\n--wpforms-button-size-margin-top: 10px;\n\n\t\t\t\t}\n\t\t\t<\/style><div class=\"wpforms-container wpforms-container-full wpforms-block wpforms-block-c90153db-6245-4c3b-b5de-36dadbf39594 wpforms-render-modern\" id=\"wpforms-794\"><form id=\"wpforms-form-794\" class=\"wpforms-validate wpforms-form\" data-formid=\"794\" method=\"post\" enctype=\"multipart\/form-data\" action=\"\/index.php\/wp-json\/wp\/v2\/pages\/1616\" data-token=\"7580a557d6685158ba6ec6af96b44864\"><noscript class=\"wpforms-error-noscript\">Please enable JavaScript in your browser to complete this form.<\/noscript><div class=\"wpforms-hidden\" id=\"wpforms-error-noscript\">Please enable JavaScript in your browser to complete this form.<\/div><div class=\"wpforms-field-container\"><div id=\"wpforms-794-field_0-container\" class=\"wpforms-field wpforms-field-name\" data-field-id=\"0\"><label class=\"wpforms-field-label\" for=\"wpforms-794-field_0\">H\u1ecd v\u00e0 t\u00ean <span class=\"wpforms-required-label\" aria-hidden=\"true\">*<\/span><\/label><input type=\"text\" id=\"wpforms-794-field_0\" class=\"wpforms-field-large wpforms-field-required\" name=\"wpforms[fields][0]\" aria-errormessage=\"wpforms-794-field_0-error\" required><\/div><div id=\"wpforms-794-field_5-container\" class=\"wpforms-field wpforms-field-text\" data-field-id=\"5\"><label class=\"wpforms-field-label\" for=\"wpforms-794-field_5\">Phone <span class=\"wpforms-required-label\" aria-hidden=\"true\">*<\/span><\/label><input type=\"text\" id=\"wpforms-794-field_5\" class=\"wpforms-field-medium wpforms-field-required\" name=\"wpforms[fields][5]\" aria-errormessage=\"wpforms-794-field_5-error\" required><\/div><div id=\"wpforms-794-field_1-container\" class=\"wpforms-field wpforms-field-email\" data-field-id=\"1\"><label class=\"wpforms-field-label\" for=\"wpforms-794-field_1\">Email <span class=\"wpforms-required-label\" aria-hidden=\"true\">*<\/span><\/label><input type=\"email\" id=\"wpforms-794-field_1\" class=\"wpforms-field-large wpforms-field-required\" name=\"wpforms[fields][1]\" spellcheck=\"false\" aria-errormessage=\"wpforms-794-field_1-error\" required><\/div><div id=\"wpforms-794-field_2-container\" class=\"wpforms-field wpforms-field-textarea\" data-field-id=\"2\"><label class=\"wpforms-field-label\" for=\"wpforms-794-field_2\">N\u1ed9i dung <span class=\"wpforms-required-label\" aria-hidden=\"true\">*<\/span><\/label><textarea id=\"wpforms-794-field_2\" class=\"wpforms-field-medium wpforms-field-required\" name=\"wpforms[fields][2]\" aria-errormessage=\"wpforms-794-field_2-error\" required><\/textarea><\/div><\/div><!-- .wpforms-field-container --><div class=\"wpforms-field wpforms-field-hp\"><label for=\"wpforms-794-field-hp\" class=\"wpforms-field-label\">Phone<\/label><input type=\"text\" name=\"wpforms[hp]\" id=\"wpforms-794-field-hp\" class=\"wpforms-field-medium\"><\/div><div class=\"wpforms-submit-container\" ><input type=\"hidden\" name=\"wpforms[id]\" value=\"794\"><input type=\"hidden\" name=\"wpforms[author]\" value=\"2\"><button type=\"submit\" name=\"wpforms[submit]\" id=\"wpforms-submit-794\" class=\"wpforms-submit\" data-alt-text=\"\u0110ang g\u1eedi...\" data-submit-text=\"G\u1eedi\" aria-live=\"assertive\" value=\"wpforms-submit\">G\u1eedi<\/button><\/div><\/form><\/div>  <!-- .wpforms-container --><\/div>\n<\/div>\n","protected":false},"excerpt":{"rendered":"<p>D\u1ecbch v\u1ee5 Chia s\u1ebb gi\u00e1 tr\u1ecb \u0110\u1ed5i m\u1edbi C\u00e1c \u0111\u1ed1i t\u00e1c c\u1ee7a ch\u00fang t\u00f4i Li\u00ean h\u1ec7 ngay v\u1edbi ch\u00fang t\u00f4i \u0111\u1ec3 nh\u1eadn \u0111\u01b0\u1ee3c t\u01b0 v\u1ea5n!<\/p>\n","protected":false},"author":2,"featured_media":1403,"parent":0,"menu_order":0,"comment_status":"closed","ping_status":"closed","template":"elementor_theme","meta":{"_uag_custom_page_level_css":"","site-sidebar-layout":"default","site-content-layout":"","ast-site-content-layout":"","site-content-style":"default","site-sidebar-style":"default","ast-global-header-display":"","ast-banner-title-visibility":"","ast-main-header-display":"","ast-hfb-above-header-display":"","ast-hfb-below-header-display":"","ast-hfb-mobile-header-display":"","site-post-title":"","ast-breadcrumbs-content":"","ast-featured-img":"","footer-sml-layout":"","theme-transparent-header-meta":"","adv-header-id-meta":"","stick-header-meta":"","header-above-stick-meta":"","header-main-stick-meta":"","header-below-stick-meta":"","astra-migrate-meta-layouts":"","footnotes":""},"class_list":["post-1616","page","type-page","status-publish","has-post-thumbnail","hentry"],"jetpack_sharing_enabled":true,"uagb_featured_image_src":{"full":["https:\/\/sinhviet.vn\/wp-content\/uploads\/2023\/04\/dich-vu-dich-thuat-moi-nhat-edited.jpg",683,512,false],"thumbnail":["https:\/\/sinhviet.vn\/wp-content\/uploads\/2023\/04\/dich-vu-dich-thuat-moi-nhat-edited-150x150.jpg",150,150,true],"medium":["https:\/\/sinhviet.vn\/wp-content\/uploads\/2023\/04\/dich-vu-dich-thuat-moi-nhat-edited-300x225.jpg",300,225,true],"medium_large":["https:\/\/sinhviet.vn\/wp-content\/uploads\/2023\/04\/dich-vu-dich-thuat-moi-nhat-edited.jpg",683,512,false],"large":["https:\/\/sinhviet.vn\/wp-content\/uploads\/2023\/04\/dich-vu-dich-thuat-moi-nhat-edited.jpg",683,512,false],"1536x1536":["https:\/\/sinhviet.vn\/wp-content\/uploads\/2023\/04\/dich-vu-dich-thuat-moi-nhat-edited.jpg",683,512,false],"2048x2048":["https:\/\/sinhviet.vn\/wp-content\/uploads\/2023\/04\/dich-vu-dich-thuat-moi-nhat-edited.jpg",683,512,false],"mailpoet_newsletter_max":["https:\/\/sinhviet.vn\/wp-content\/uploads\/2023\/04\/dich-vu-dich-thuat-moi-nhat-edited.jpg",683,512,false],"woocommerce_thumbnail":["https:\/\/sinhviet.vn\/wp-content\/uploads\/2023\/04\/dich-vu-dich-thuat-moi-nhat-edited-300x300.jpg",300,300,true],"woocommerce_single":["https:\/\/sinhviet.vn\/wp-content\/uploads\/2023\/04\/dich-vu-dich-thuat-moi-nhat-edited-600x450.jpg",600,450,true],"woocommerce_gallery_thumbnail":["https:\/\/sinhviet.vn\/wp-content\/uploads\/2023\/04\/dich-vu-dich-thuat-moi-nhat-edited-100x100.jpg",100,100,true]},"uagb_author_info":{"display_name":"Nghia Le","author_link":"https:\/\/sinhviet.vn\/index.php\/author\/nghialm2\/"},"uagb_comment_info":0,"uagb_excerpt":"D\u1ecbch v\u1ee5 Chia s\u1ebb gi\u00e1 tr\u1ecb \u0110\u1ed5i m\u1edbi C\u00e1c \u0111\u1ed1i t\u00e1c c\u1ee7a ch\u00fang t\u00f4i Li\u00ean h\u1ec7 ngay v\u1edbi ch\u00fang t\u00f4i \u0111\u1ec3 nh\u1eadn \u0111\u01b0\u1ee3c t\u01b0 v\u1ea5n!","jetpack-related-posts":[{"id":2180,"url":"https:\/\/sinhviet.vn\/index.php\/gioi-thieu-2\/","url_meta":{"origin":1616,"position":0},"title":"Gi\u1edbi thi\u1ec7u","author":"Nghia Le","date":"October 7, 2023","format":false,"excerpt":"V\u1ec1 ch\u00fang t\u00f4i To\u00e0n c\u1ea7u h\u00f3a v\u00e0 qu\u1ed1c t\u1ebf h\u00f3a c\u00e1c n\u1ec1n kinh t\u1ebf \u0111ang mang l\u1ea1i cho m\u1ed7i qu\u1ed1c gia, m\u1ed7i doanh nghi\u1ec7p nh\u1eefng c\u01a1 h\u1ed9i v\u00e0 th\u00e1ch th\u1ee9c \u0111\u1ed1i v\u1edbi c\u00e1c m\u1ee5c ti\u00eau ph\u00e1t tri\u1ec3n b\u1ec1n v\u1eefng c\u1ee7a m\u00ecnh. \u0110\u1ed1i v\u1edbi c\u00f4ng ty Sinh Vi\u1ec7t ch\u00fang t\u00f4i, m\u1ed9t\u2026","rel":"","context":"Similar post","block_context":{"text":"Similar post","link":""},"img":{"alt_text":"","src":"https:\/\/i0.wp.com\/sinhviet.vn\/wp-content\/uploads\/2023\/10\/svi_sdtc.png?resize=350%2C200&ssl=1","width":350,"height":200,"srcset":"https:\/\/i0.wp.com\/sinhviet.vn\/wp-content\/uploads\/2023\/10\/svi_sdtc.png?resize=350%2C200&ssl=1 1x, https:\/\/i0.wp.com\/sinhviet.vn\/wp-content\/uploads\/2023\/10\/svi_sdtc.png?resize=525%2C300&ssl=1 1.5x, https:\/\/i0.wp.com\/sinhviet.vn\/wp-content\/uploads\/2023\/10\/svi_sdtc.png?resize=700%2C400&ssl=1 2x, https:\/\/i0.wp.com\/sinhviet.vn\/wp-content\/uploads\/2023\/10\/svi_sdtc.png?resize=1050%2C600&ssl=1 3x"},"classes":[]},{"id":800,"url":"https:\/\/sinhviet.vn\/","url_meta":{"origin":1616,"position":1},"title":"Trang ch\u1ee7","author":"admin","date":"April 11, 2023","format":false,"excerpt":"T\u00ecm ki\u1ebfm Social Facebook Gi\u1edbi thi\u1ec7u v\u1ec1 Sinh Vi\u1ec7t Intelligence To\u00e0n c\u1ea7u h\u00f3a v\u00e0 qu\u1ed1c t\u1ebf h\u00f3a c\u00e1c n\u1ec1n kinh t\u1ebf \u0111ang mang l\u1ea1i cho m\u1ed7i qu\u1ed1c gia, m\u1ed7i doanh nghi\u1ec7p nh\u1eefng c\u01a1 h\u1ed9i v\u00e0 th\u00e1ch th\u1ee9c \u0111\u1ed1i v\u1edbi c\u00e1c m\u1ee5c ti\u00eau ph\u00e1t tri\u1ec3n b\u1ec1n v\u1eefng c\u1ee7a m\u00ecnh. \u0110\u1ed1i v\u1edbi\u2026","rel":"","context":"Similar post","block_context":{"text":"Similar post","link":""},"img":{"alt_text":"","src":"https:\/\/i0.wp.com\/sinhviet.vn\/wp-content\/uploads\/2023\/10\/sinh_viet_cover-thin.jpg?resize=350%2C200&ssl=1","width":350,"height":200,"srcset":"https:\/\/i0.wp.com\/sinhviet.vn\/wp-content\/uploads\/2023\/10\/sinh_viet_cover-thin.jpg?resize=350%2C200&ssl=1 1x, https:\/\/i0.wp.com\/sinhviet.vn\/wp-content\/uploads\/2023\/10\/sinh_viet_cover-thin.jpg?resize=525%2C300&ssl=1 1.5x, https:\/\/i0.wp.com\/sinhviet.vn\/wp-content\/uploads\/2023\/10\/sinh_viet_cover-thin.jpg?resize=700%2C400&ssl=1 2x, https:\/\/i0.wp.com\/sinhviet.vn\/wp-content\/uploads\/2023\/10\/sinh_viet_cover-thin.jpg?resize=1050%2C600&ssl=1 3x, https:\/\/i0.wp.com\/sinhviet.vn\/wp-content\/uploads\/2023\/10\/sinh_viet_cover-thin.jpg?resize=1400%2C800&ssl=1 4x"},"classes":[]},{"id":1758,"url":"https:\/\/sinhviet.vn\/index.php\/dau-tu-xuc-tien-thuong-mai-va-kinh-doanh\/","url_meta":{"origin":1616,"position":2},"title":"\u0110\u1ea7u t\u01b0, x\u00fac ti\u1ebfn th\u01b0\u01a1ng m\u1ea1i v\u00e0 kinh doanh","author":"Nghia Le","date":"April 20, 2023","format":false,"excerpt":"Th\u00fac \u0111\u1ea9y c\u00e1c c\u01a1 h\u1ed9i \u0111\u1ea7u t\u01b0, kinh doanh m\u1edbi Creative &InnovativeIdeas Etiam pharetra, erat sed fermentum feugiat, velit mauris egestas JAMES OLIVER 01 C\u00e1c d\u1ecbch v\u1ee5 Nghi\u00ean c\u1ee9u th\u1ecb tr\u01b0\u1eddng C\u00f4ng ty c\u1ee7a b\u1ea1n \u0111ang mu\u1ed1n th\u00fac \u0111\u1ea9y ph\u00e1t tri\u1ec3n th\u1ecb tr\u01b0\u1eddng ti\u1ec1m n\u0103ng? Nghi\u00ean c\u1ee9u, kh\u1ea3o s\u00e1t th\u1ecb\u2026","rel":"","context":"Similar post","block_context":{"text":"Similar post","link":""},"img":{"alt_text":"","src":"https:\/\/i0.wp.com\/sinhviet.vn\/wp-content\/uploads\/2023\/04\/dich-vu-6-edited.png?resize=350%2C200&ssl=1","width":350,"height":200,"srcset":"https:\/\/i0.wp.com\/sinhviet.vn\/wp-content\/uploads\/2023\/04\/dich-vu-6-edited.png?resize=350%2C200&ssl=1 1x, https:\/\/i0.wp.com\/sinhviet.vn\/wp-content\/uploads\/2023\/04\/dich-vu-6-edited.png?resize=525%2C300&ssl=1 1.5x"},"classes":[]},{"id":991,"url":"https:\/\/sinhviet.vn\/index.php\/tuvan-quanly-kinhdoanh-2\/","url_meta":{"origin":1616,"position":3},"title":"D\u1ecbch v\u1ee5 T\u01b0 v\u1ea5n Qu\u1ea3n l\u00fd v\u00e0 Kinh doanh","author":"Nghia Le","date":"April 11, 2023","format":false,"excerpt":"C\u00e1c ho\u1ea1t \u0111\u1ed9ng d\u1ecbch v\u1ee5 t\u01b0 v\u1ea5n qu\u1ea3n l\u00fd, kinh doanh: Ph\u00e2n t\u00edch m\u00f4 h\u00ecnh qu\u1ea3n l\u00fd th\u1ef1c t\u1ea1i c\u1ee7a doanh nghi\u1ec7p \u0111\u1ec3 l\u1ef1a ch\u1ecdn m\u00f4 h\u00ecnh t\u1ed5 ch\u1ee9c, qu\u1ea3n tr\u1ecb kinh doanh ph\u00f9 h\u1ee3p nh\u1ea5t v\u1edbi \u0111\u1eb7c \u0111i\u1ec3m, quy m\u00f4 doanh nghi\u1ec7p T\u01b0 v\u1ea5n, h\u1ed7 tr\u1ee3 doanh nghi\u1ec7p l\u1eadp\u2026","rel":"","context":"Similar post","block_context":{"text":"Similar post","link":""},"img":{"alt_text":"","src":"https:\/\/i0.wp.com\/sinhviet.vn\/wp-content\/uploads\/2023\/04\/tu-van.jpg?resize=350%2C200&ssl=1","width":350,"height":200,"srcset":"https:\/\/i0.wp.com\/sinhviet.vn\/wp-content\/uploads\/2023\/04\/tu-van.jpg?resize=350%2C200&ssl=1 1x, https:\/\/i0.wp.com\/sinhviet.vn\/wp-content\/uploads\/2023\/04\/tu-van.jpg?resize=525%2C300&ssl=1 1.5x, https:\/\/i0.wp.com\/sinhviet.vn\/wp-content\/uploads\/2023\/04\/tu-van.jpg?resize=700%2C400&ssl=1 2x, https:\/\/i0.wp.com\/sinhviet.vn\/wp-content\/uploads\/2023\/04\/tu-van.jpg?resize=1050%2C600&ssl=1 3x, https:\/\/i0.wp.com\/sinhviet.vn\/wp-content\/uploads\/2023\/04\/tu-van.jpg?resize=1400%2C800&ssl=1 4x"},"classes":[]},{"id":1882,"url":"https:\/\/sinhviet.vn\/index.php\/ho-tro-va-ket-noi-giao-duc\/","url_meta":{"origin":1616,"position":4},"title":"H\u1ed7 tr\u1ee3 v\u00e0 k\u1ebft n\u1ed1i gi\u00e1o d\u1ee5c","author":"Nghia Le","date":"April 21, 2023","format":false,"excerpt":"Lu\u00f4n \u0111\u1ed3ng h\u00e0nh c\u00f9ng b\u1ea1n tr\u00ean con \u0111\u01b0\u1eddng h\u1ecdc t\u1eadp, ph\u00e1t tri\u1ec3n b\u1ea3n th\u00e2n! T\u01b0 v\u1ea5n gi\u00e1o d\u1ee5c B\u1ea1n c\u1ea7n t\u01b0 v\u1ea5n v\u1ec1 ng\u00e0nh h\u1ecdc, c\u00e1c ch\u01b0\u01a1ng tr\u00ecnh trao \u0111\u1ed5i cho con em? Ch\u00fang t\u00f4i t\u01b0 v\u1ea5n v\u1ec1 c\u00e1c ng\u00e0nh h\u1ecdc v\u00e0 xu h\u01b0\u1edbng t\u01b0\u01a1ng lai d\u1ef1a tr\u00ean h\u1ed3 s\u01a1\u2026","rel":"","context":"Similar post","block_context":{"text":"Similar post","link":""},"img":{"alt_text":"","src":"https:\/\/i0.wp.com\/sinhviet.vn\/wp-content\/uploads\/2023\/04\/dich-vu-5.jpg?resize=350%2C200&ssl=1","width":350,"height":200,"srcset":"https:\/\/i0.wp.com\/sinhviet.vn\/wp-content\/uploads\/2023\/04\/dich-vu-5.jpg?resize=350%2C200&ssl=1 1x, https:\/\/i0.wp.com\/sinhviet.vn\/wp-content\/uploads\/2023\/04\/dich-vu-5.jpg?resize=525%2C300&ssl=1 1.5x, https:\/\/i0.wp.com\/sinhviet.vn\/wp-content\/uploads\/2023\/04\/dich-vu-5.jpg?resize=700%2C400&ssl=1 2x, https:\/\/i0.wp.com\/sinhviet.vn\/wp-content\/uploads\/2023\/04\/dich-vu-5.jpg?resize=1050%2C600&ssl=1 3x, https:\/\/i0.wp.com\/sinhviet.vn\/wp-content\/uploads\/2023\/04\/dich-vu-5.jpg?resize=1400%2C800&ssl=1 4x"},"classes":[]},{"id":1062,"url":"https:\/\/sinhviet.vn\/index.php\/dao-tao\/","url_meta":{"origin":1616,"position":5},"title":"\u0110\u00e0o t\u1ea1o","author":"Nghia Le","date":"April 12, 2023","format":false,"excerpt":"Kh\u00f4ng ng\u1eebng n\u00e2ng cao n\u0103ng l\u1ef1c l\u00e3nh \u0111\u1ea1o v\u00e0 t\u1ed5 ch\u1ee9c nh\u00e2n s\u1ef1 c\u00f9ng c\u00e1c chuy\u00ean gia T\u00ednh t\u01b0\u01a1ng t\u00e1c cao gi\u1eefa chuy\u00ean gia v\u00e0 h\u1ecdc vi\u00ean C\u00e1c v\u1ea5n \u0111\u1ec1 s\u00e1t th\u1ef1c ti\u1ec5n T\u00e0i li\u1ec7u \u0111\u01b0\u1ee3c so\u1ea1n ri\u00eang cho nh\u00f3m \u0111\u1ed1i t\u01b0\u1ee3ng h\u1ecdc vi\u00ean C\u00e1c ch\u01b0\u01a1ng tr\u00ecnh \u0111\u00e0o t\u1ea1o chuy\u00ean\u2026","rel":"","context":"Similar post","block_context":{"text":"Similar post","link":""},"img":{"alt_text":"","src":"https:\/\/i0.wp.com\/sinhviet.vn\/wp-content\/uploads\/2023\/10\/Exe_MiniMBA_logo.png?resize=350%2C200&ssl=1","width":350,"height":200,"srcset":"https:\/\/i0.wp.com\/sinhviet.vn\/wp-content\/uploads\/2023\/10\/Exe_MiniMBA_logo.png?resize=350%2C200&ssl=1 1x, https:\/\/i0.wp.com\/sinhviet.vn\/wp-content\/uploads\/2023\/10\/Exe_MiniMBA_logo.png?resize=525%2C300&ssl=1 1.5x, https:\/\/i0.wp.com\/sinhviet.vn\/wp-content\/uploads\/2023\/10\/Exe_MiniMBA_logo.png?resize=700%2C400&ssl=1 2x, https:\/\/i0.wp.com\/sinhviet.vn\/wp-content\/uploads\/2023\/10\/Exe_MiniMBA_logo.png?resize=1050%2C600&ssl=1 3x"},"classes":[]}],"_links":{"self":[{"href":"https:\/\/sinhviet.vn\/index.php\/wp-json\/wp\/v2\/pages\/1616","targetHints":{"allow":["GET"]}}],"collection":[{"href":"https:\/\/sinhviet.vn\/index.php\/wp-json\/wp\/v2\/pages"}],"about":[{"href":"https:\/\/sinhviet.vn\/index.php\/wp-json\/wp\/v2\/types\/page"}],"author":[{"embeddable":true,"href":"https:\/\/sinhviet.vn\/index.php\/wp-json\/wp\/v2\/users\/2"}],"replies":[{"embeddable":true,"href":"https:\/\/sinhviet.vn\/index.php\/wp-json\/wp\/v2\/comments?post=1616"}],"version-history":[{"count":31,"href":"https:\/\/sinhviet.vn\/index.php\/wp-json\/wp\/v2\/pages\/1616\/revisions"}],"predecessor-version":[{"id":1879,"href":"https:\/\/sinhviet.vn\/index.php\/wp-json\/wp\/v2\/pages\/1616\/revisions\/1879"}],"wp:featuredmedia":[{"embeddable":true,"href":"https:\/\/sinhviet.vn\/index.php\/wp-json\/wp\/v2\/media\/1403"}],"wp:attachment":[{"href":"https:\/\/sinhviet.vn\/index.php\/wp-json\/wp\/v2\/media?parent=1616"}],"curies":[{"name":"wp","href":"https:\/\/api.w.org\/{rel}","templated":true}]}}